{"id":2738,"date":"2022-09-26T15:51:22","date_gmt":"2022-09-26T14:51:22","guid":{"rendered":"https:\/\/www.kabanescharlevoix.com\/cookie-policy\/"},"modified":"2026-01-05T22:37:28","modified_gmt":"2026-01-05T22:37:28","slug":"cookie-policy","status":"publish","type":"page","link":"https:\/\/www.kabanescharlevoix.com\/en\/cookie-policy\/","title":{"rendered":"Management of Cookies"},"content":{"rendered":"<p>[et_pb_section fb_built=&#8221;1&#8243; fullwidth=&#8221;on&#8221; _builder_version=&#8221;4.18.0&#8243; _module_preset=&#8221;default&#8221; global_colors_info=&#8221;{}&#8221; theme_builder_area=&#8221;post_content&#8221;][et_pb_fullwidth_header title=&#8221;Management of Cookies&#8221; text_orientation=&#8221;center&#8221; _builder_version=&#8221;4.18.0&#8243; _module_preset=&#8221;default&#8221; title_font=&#8221;|700|||||||&#8221; title_font_size=&#8221;45px&#8221; background_color=&#8221;#f7f7f7&#8243; background_enable_image=&#8221;off&#8221; background_layout=&#8221;light&#8221; custom_padding=&#8221;70px||0px||false|false&#8221; custom_padding_tablet=&#8221;75px||75px||true|false&#8221; custom_padding_phone=&#8221;50px||50px||true|true&#8221; custom_padding_last_edited=&#8221;on|phone&#8221; title_font_size_tablet=&#8221;50px&#8221; title_font_size_phone=&#8221;35px&#8221; title_font_size_last_edited=&#8221;on|tablet&#8221; subhead_font_size_tablet=&#8221;16px&#8221; subhead_font_size_phone=&#8221;16px&#8221; subhead_font_size_last_edited=&#8221;on|desktop&#8221; global_colors_info=&#8221;{}&#8221; header_font_size_tablet=&#8221;50px&#8221; header_font_size_phone=&#8221;35px&#8221; header_font_size_last_edited=&#8221;on|phone&#8221; theme_builder_area=&#8221;post_content&#8221;][\/et_pb_fullwidth_header][\/et_pb_section][et_pb_section fb_built=&#8221;1&#8243; custom_padding_last_edited=&#8221;on|phone&#8221; _builder_version=&#8221;4.18.0&#8243; _module_preset=&#8221;default&#8221; background_color=&#8221;#f7f7f7&#8243; use_background_color_gradient=&#8221;on&#8221; background_color_gradient_direction=&#8221;360deg&#8221; background_color_gradient_stops=&#8221;#ffffff 0%|#f7f7f7 100%&#8221; custom_padding=&#8221;42px||||false|false&#8221; custom_padding_tablet=&#8221;0px||||false|false&#8221; custom_padding_phone=&#8221;0px||||false|false&#8221; global_colors_info=&#8221;{}&#8221; theme_builder_area=&#8221;post_content&#8221;][et_pb_row _builder_version=&#8221;4.27.4&#8243; _module_preset=&#8221;default&#8221; width=&#8221;50%&#8221; width_tablet=&#8221;80%&#8221; width_phone=&#8221;80%&#8221; width_last_edited=&#8221;on|phone&#8221; custom_padding=&#8221;0px||0px||false|false&#8221; hover_enabled=&#8221;0&#8243; global_colors_info=&#8221;{}&#8221; theme_builder_area=&#8221;post_content&#8221; sticky_enabled=&#8221;0&#8243;][et_pb_column type=&#8221;4_4&#8243; _builder_version=&#8221;4.18.0&#8243; _module_preset=&#8221;default&#8221; global_colors_info=&#8221;{}&#8221; theme_builder_area=&#8221;post_content&#8221;][et_pb_code module_class=&#8221;cookie-text&#8221; _builder_version=&#8221;4.27.4&#8243; _module_preset=&#8221;default&#8221; hover_enabled=&#8221;0&#8243; global_colors_info=&#8221;{}&#8221; theme_builder_area=&#8221;post_content&#8221; sticky_enabled=&#8221;0&#8243;]<\/p>\n<style><!-- [et_pb_line_break_holder] -->    a.cky-banner-element {<!-- [et_pb_line_break_holder] -->        padding: 8px 30px;<!-- [et_pb_line_break_holder] -->        background: #F8F9FA;<!-- [et_pb_line_break_holder] -->        color: #858A8F;<!-- [et_pb_line_break_holder] -->        border: 1px solid #DEE2E6;<!-- [et_pb_line_break_holder] -->        box-sizing: border-box;<!-- [et_pb_line_break_holder] -->        border-radius: 2px;<!-- [et_pb_line_break_holder] -->        cursor: pointer;<!-- [et_pb_line_break_holder] -->}<!-- [et_pb_line_break_holder] --><\/style>\n<p><!-- [et_pb_line_break_holder] --><\/p>\n<h1 class=\"cookie-policy-h1\">Cookie Policy<\/h1>\n<p><!-- [et_pb_line_break_holder] --><pee><!-- [et_pb_line_break_holder] --> Effective date: 13-Dec-2022 <!\u2013- [et_pb_br_holder] -\u2013><!-- [et_pb_line_break_holder] --> Last updated: 13-Dec-2022<!-- [et_pb_line_break_holder] --><\/pee><!-- [et_pb_line_break_holder] --><!-- [et_pb_line_break_holder] --> <!-- [et_pb_line_break_holder] --><\/p>\n<h5>What are Cookies?<\/h5>\n<p><!-- [et_pb_line_break_holder] --><\/p>\n<div class=\"cookie-policy-p\"><pee>This Cookie Policy explains what cookies are and how we use them, the types of cookies we use\u2014that is, the information we collect through cookies and how this information is used\u2014as well as how to manage your cookie settings.<\/pee> <pee>Cookies are small text files used to store small pieces of information. They are stored on your device when the website is loaded in your browser These cookies help us ensure the proper functioning of the website, make it more secure, provide a better user experience, and understand website performance by analyzing what works and what needs improvement.<\/pee><\/div>\n<p><!-- [et_pb_line_break_holder] --><!-- [et_pb_line_break_holder] --> <!-- [et_pb_line_break_holder] --><\/p>\n<h5>How Do We Use Cookies?<\/h5>\n<p><!-- [et_pb_line_break_holder] --><\/p>\n<div class=\"cookie-policy-p\"><pee>Like most online services, our website uses first-party and third-party cookies for various purposes. First-party cookies are primarily necessary for the proper functioning of the website and do not collect any of your personally identifiable data.<\/pee> <pee>Third-party cookies used on our site primarily serve to understand site performance, how you interact with it, ensure the security of our services, provide relevant advertisements for you, and overall, offer you a better user experience and speed up your future interactions with our site.<\/pee><\/div>\n<p><!-- [et_pb_line_break_holder] --><!-- [et_pb_line_break_holder] --> <!-- [et_pb_line_break_holder] -->    <\/p>\n<h5>Types of Cookies We Use<\/h5>\n<p><!-- [et_pb_line_break_holder] --><!-- [et_pb_line_break_holder] -->    <\/p>\n<div class=\"cky-audit-table-element\"><\/div>\n<p><!-- [et_pb_line_break_holder] --><!-- [et_pb_line_break_holder] --> <!-- [et_pb_line_break_holder] -->    <\/p>\n<h5 style=\"margin-bottom:20px\">Manage Cookie Preferences<\/h5>\n<p><!-- [et_pb_line_break_holder] --><!-- [et_pb_line_break_holder] -->    <a class=\"cky-banner-element\">Cookie Settings<\/a> <!\u2013- [et_pb_br_holder] -\u2013><!-- [et_pb_line_break_holder] --><!-- [et_pb_line_break_holder] -->    <\/p>\n<div><pee>You can change your cookie preferences at any time by clicking the button above. This will allow you to review the cookie consent banner and change your preferences or withdraw your consent at any time. <\/pee> <pee>In addition, different browsers provide various methods for blocking and deleting cookies used by websites. You can change your browser settings to block or delete cookies. Below are links to support documents explaining how to manage and delete cookies on major web browsers.<\/pee> <pee>Chrome: <a href=\"https:\/\/support.google.com\/accounts\/answer\/32050\" target=\"_blank\" rel=\"noopener\">https:\/\/support.google.com\/accounts\/answer\/32050<\/a><\/pee><pee>Safari: <a href=\"https:\/\/support.apple.com\/en-in\/guide\/safari\/sfri11471\/mac\" target=\"_blank\" rel=\"noopener\">https:\/\/support.apple.com\/en-in\/guide\/safari\/sfri11471\/mac<\/a><\/pee><pee>Firefox: <a href=\"https:\/\/support.mozilla.org\/en-US\/kb\/clear-cookies-and-site-data-firefox?redirectslug=delete-cookies-remove-info-websites-stored&amp;redirectlocale=en-US\" target=\"_blank\" rel=\"noopener\">https:\/\/support.mozilla.org\/en-US\/kb\/clear-cookies-and-site-data-firefox?redirectslug=delete-cookies-remove-info-websites-stored&amp;redirectlocale=en-US<\/a><\/pee><pee>Internet Explorer: <a href=\"https:\/\/support.microsoft.com\/en-us\/topic\/how-to-delete-cookie-files-in-internet-explorer-bca9446f-d873-78de-77ba-d42645fa52fc\" target=\"_blank\" rel=\"noopener\">https:\/\/support.microsoft.com\/en-us\/topic\/how-to-delete-cookie-files-in-internet-explorer-bca9446f-d873-78de-77ba-d42645fa52fc<\/a><\/pee><pee>If you are using any other web browser, please visit your browser\u2019s official support documents.<\/pee><\/div>\n<p><!-- [et_pb_line_break_holder] --><!-- [et_pb_line_break_holder] --><!-- [et_pb_line_break_holder] --> <!-- [et_pb_line_break_holder] --><pee class=\"cookie-policy-p\"><!-- [et_pb_line_break_holder] --> Cookie Policy generated by <a target=\"_blank\" href=\"https:\/\/www.cookieyes.com\/?utm_source=CP&amp;utm_medium=footer&amp;utm_campaign=UW\" rel=\"noopener\">CookieYes &#8211; Cookie Policy Generator<\/a>.<!-- [et_pb_line_break_holder] --><\/pee>[\/et_pb_code][\/et_pb_column][\/et_pb_row][\/et_pb_section]<\/p>\n","protected":false},"excerpt":{"rendered":"","protected":false},"author":1,"featured_media":0,"parent":0,"menu_order":2,"comment_status":"closed","ping_status":"closed","template":"","meta":{"_et_pb_use_builder":"on","_et_pb_old_content":"","_et_gb_content_width":"","inline_featured_image":false,"footnotes":""},"class_list":["post-2738","page","type-page","status-publish","hentry"],"yoast_head":"<!-- This site is optimized with the Yoast SEO Premium plugin v24.1 (Yoast SEO v26.6) - https:\/\/yoast.com\/wordpress\/plugins\/seo\/ -->\n<title>Management of Cookies - K\u00e4banes Charlevoix<\/title>\n<meta name=\"description\" content=\"Location chalet Charlevoix offrant une exp\u00e9rience unique : Chalets luxueux, confort absolu et vues sur la nature et le fleuve. R\u00e9servez avec K\u00e4banes Charlevoix! \ud83c\udf3f\" \/>\n<meta name=\"robots\" content=\"index, follow, max-snippet:-1, max-image-preview:large, max-video-preview:-1\" \/>\n<link rel=\"canonical\" href=\"https:\/\/www.kabanescharlevoix.com\/en\/cookie-policy\/\" \/>\n<meta property=\"og:locale\" content=\"en_US\" \/>\n<meta property=\"og:type\" content=\"article\" \/>\n<meta property=\"og:title\" content=\"Management of Cookies\" \/>\n<meta property=\"og:description\" content=\"Location chalets Charlevoix : chalets luxueux, confort absolu et vues sur le fleuve et la nature. Une exp\u00e9rience inoubliable avec un service impeccable. R\u00e9servez avec K\u00e4banes Charlevoix! \ud83c\udf3f\" \/>\n<meta property=\"og:url\" content=\"https:\/\/www.kabanescharlevoix.com\/en\/cookie-policy\/\" \/>\n<meta property=\"og:site_name\" content=\"K\u00e4banes Charlevoix\" \/>\n<meta property=\"article:publisher\" content=\"https:\/\/www.facebook.com\/people\/Kbanes-Gestion-locative\/61583068877551\/\" \/>\n<meta property=\"article:modified_time\" content=\"2026-01-05T22:37:28+00:00\" \/>\n<meta property=\"og:image\" content=\"https:\/\/www.kabanescharlevoix.com\/wp-content\/uploads\/sites\/92\/2025\/12\/officiel-scaled.jpg\" \/>\n\t<meta property=\"og:image:width\" content=\"2560\" \/>\n\t<meta property=\"og:image:height\" content=\"1920\" \/>\n\t<meta property=\"og:image:type\" content=\"image\/jpeg\" \/>\n<meta name=\"twitter:card\" content=\"summary_large_image\" \/>\n<meta name=\"twitter:label1\" content=\"Est. reading time\" \/>\n\t<meta name=\"twitter:data1\" content=\"3 minutes\" \/>\n<script type=\"application\/ld+json\" class=\"yoast-schema-graph\">{\"@context\":\"https:\/\/schema.org\",\"@graph\":[{\"@type\":\"WebPage\",\"@id\":\"https:\/\/www.kabanescharlevoix.com\/en\/cookie-policy\/\",\"url\":\"https:\/\/www.kabanescharlevoix.com\/en\/cookie-policy\/\",\"name\":\"Management of Cookies - K\u00e4banes Charlevoix\",\"isPartOf\":{\"@id\":\"https:\/\/www.kabanescharlevoix.com\/en\/#website\"},\"datePublished\":\"2022-09-26T14:51:22+00:00\",\"dateModified\":\"2026-01-05T22:37:28+00:00\",\"description\":\"Location chalet Charlevoix offrant une exp\u00e9rience unique : Chalets luxueux, confort absolu et vues sur la nature et le fleuve. R\u00e9servez avec K\u00e4banes Charlevoix! \ud83c\udf3f\",\"breadcrumb\":{\"@id\":\"https:\/\/www.kabanescharlevoix.com\/en\/cookie-policy\/#breadcrumb\"},\"inLanguage\":\"en-US\",\"potentialAction\":[{\"@type\":\"ReadAction\",\"target\":[\"https:\/\/www.kabanescharlevoix.com\/en\/cookie-policy\/\"]}]},{\"@type\":\"BreadcrumbList\",\"@id\":\"https:\/\/www.kabanescharlevoix.com\/en\/cookie-policy\/#breadcrumb\",\"itemListElement\":[{\"@type\":\"ListItem\",\"position\":1,\"name\":\"Home\",\"item\":\"https:\/\/www.kabanescharlevoix.com\/en\/home\/\"},{\"@type\":\"ListItem\",\"position\":2,\"name\":\"Management of Cookies\"}]},{\"@type\":\"WebSite\",\"@id\":\"https:\/\/www.kabanescharlevoix.com\/en\/#website\",\"url\":\"https:\/\/www.kabanescharlevoix.com\/en\/\",\"name\":\"K\u00e4banes Charlevoix\",\"description\":\"Une exp\u00e9rience qui se d\u00e9marque\",\"publisher\":{\"@id\":\"https:\/\/www.kabanescharlevoix.com\/en\/#organization\"},\"potentialAction\":[{\"@type\":\"SearchAction\",\"target\":{\"@type\":\"EntryPoint\",\"urlTemplate\":\"https:\/\/www.kabanescharlevoix.com\/en\/?s={search_term_string}\"},\"query-input\":{\"@type\":\"PropertyValueSpecification\",\"valueRequired\":true,\"valueName\":\"search_term_string\"}}],\"inLanguage\":\"en-US\"},{\"@type\":\"Organization\",\"@id\":\"https:\/\/www.kabanescharlevoix.com\/en\/#organization\",\"name\":\"K\u00e4banes Charlevoix\",\"url\":\"https:\/\/www.kabanescharlevoix.com\/en\/\",\"logo\":{\"@type\":\"ImageObject\",\"inLanguage\":\"en-US\",\"@id\":\"https:\/\/www.kabanescharlevoix.com\/en\/#\/schema\/logo\/image\/\",\"url\":\"https:\/\/www.kabanescharlevoix.com\/wp-content\/uploads\/sites\/92\/2025\/11\/officiel-gf-transp.png\",\"contentUrl\":\"https:\/\/www.kabanescharlevoix.com\/wp-content\/uploads\/sites\/92\/2025\/11\/officiel-gf-transp.png\",\"width\":6250,\"height\":2500,\"caption\":\"K\u00e4banes Charlevoix\"},\"image\":{\"@id\":\"https:\/\/www.kabanescharlevoix.com\/en\/#\/schema\/logo\/image\/\"},\"sameAs\":[\"https:\/\/www.facebook.com\/people\/Kbanes-Gestion-locative\/61583068877551\/\",\"https:\/\/www.instagram.com\/kabanescharlevoix\/\"]}]}<\/script>\n<!-- \/ Yoast SEO Premium plugin. -->","yoast_head_json":{"title":"Management of Cookies - K\u00e4banes Charlevoix","description":"Location chalet Charlevoix offrant une exp\u00e9rience unique : Chalets luxueux, confort absolu et vues sur la nature et le fleuve. R\u00e9servez avec K\u00e4banes Charlevoix! \ud83c\udf3f","robots":{"index":"index","follow":"follow","max-snippet":"max-snippet:-1","max-image-preview":"max-image-preview:large","max-video-preview":"max-video-preview:-1"},"canonical":"https:\/\/www.kabanescharlevoix.com\/en\/cookie-policy\/","og_locale":"en_US","og_type":"article","og_title":"Management of Cookies","og_description":"Location chalets Charlevoix : chalets luxueux, confort absolu et vues sur le fleuve et la nature. Une exp\u00e9rience inoubliable avec un service impeccable. R\u00e9servez avec K\u00e4banes Charlevoix! \ud83c\udf3f","og_url":"https:\/\/www.kabanescharlevoix.com\/en\/cookie-policy\/","og_site_name":"K\u00e4banes Charlevoix","article_publisher":"https:\/\/www.facebook.com\/people\/Kbanes-Gestion-locative\/61583068877551\/","article_modified_time":"2026-01-05T22:37:28+00:00","og_image":[{"width":2560,"height":1920,"url":"https:\/\/www.kabanescharlevoix.com\/wp-content\/uploads\/sites\/92\/2025\/12\/officiel-scaled.jpg","type":"image\/jpeg"}],"twitter_card":"summary_large_image","twitter_misc":{"Est. reading time":"3 minutes"},"schema":{"@context":"https:\/\/schema.org","@graph":[{"@type":"WebPage","@id":"https:\/\/www.kabanescharlevoix.com\/en\/cookie-policy\/","url":"https:\/\/www.kabanescharlevoix.com\/en\/cookie-policy\/","name":"Management of Cookies - K\u00e4banes Charlevoix","isPartOf":{"@id":"https:\/\/www.kabanescharlevoix.com\/en\/#website"},"datePublished":"2022-09-26T14:51:22+00:00","dateModified":"2026-01-05T22:37:28+00:00","description":"Location chalet Charlevoix offrant une exp\u00e9rience unique : Chalets luxueux, confort absolu et vues sur la nature et le fleuve. R\u00e9servez avec K\u00e4banes Charlevoix! \ud83c\udf3f","breadcrumb":{"@id":"https:\/\/www.kabanescharlevoix.com\/en\/cookie-policy\/#breadcrumb"},"inLanguage":"en-US","potentialAction":[{"@type":"ReadAction","target":["https:\/\/www.kabanescharlevoix.com\/en\/cookie-policy\/"]}]},{"@type":"BreadcrumbList","@id":"https:\/\/www.kabanescharlevoix.com\/en\/cookie-policy\/#breadcrumb","itemListElement":[{"@type":"ListItem","position":1,"name":"Home","item":"https:\/\/www.kabanescharlevoix.com\/en\/home\/"},{"@type":"ListItem","position":2,"name":"Management of Cookies"}]},{"@type":"WebSite","@id":"https:\/\/www.kabanescharlevoix.com\/en\/#website","url":"https:\/\/www.kabanescharlevoix.com\/en\/","name":"K\u00e4banes Charlevoix","description":"Une exp\u00e9rience qui se d\u00e9marque","publisher":{"@id":"https:\/\/www.kabanescharlevoix.com\/en\/#organization"},"potentialAction":[{"@type":"SearchAction","target":{"@type":"EntryPoint","urlTemplate":"https:\/\/www.kabanescharlevoix.com\/en\/?s={search_term_string}"},"query-input":{"@type":"PropertyValueSpecification","valueRequired":true,"valueName":"search_term_string"}}],"inLanguage":"en-US"},{"@type":"Organization","@id":"https:\/\/www.kabanescharlevoix.com\/en\/#organization","name":"K\u00e4banes Charlevoix","url":"https:\/\/www.kabanescharlevoix.com\/en\/","logo":{"@type":"ImageObject","inLanguage":"en-US","@id":"https:\/\/www.kabanescharlevoix.com\/en\/#\/schema\/logo\/image\/","url":"https:\/\/www.kabanescharlevoix.com\/wp-content\/uploads\/sites\/92\/2025\/11\/officiel-gf-transp.png","contentUrl":"https:\/\/www.kabanescharlevoix.com\/wp-content\/uploads\/sites\/92\/2025\/11\/officiel-gf-transp.png","width":6250,"height":2500,"caption":"K\u00e4banes Charlevoix"},"image":{"@id":"https:\/\/www.kabanescharlevoix.com\/en\/#\/schema\/logo\/image\/"},"sameAs":["https:\/\/www.facebook.com\/people\/Kbanes-Gestion-locative\/61583068877551\/","https:\/\/www.instagram.com\/kabanescharlevoix\/"]}]}},"_links":{"self":[{"href":"https:\/\/www.kabanescharlevoix.com\/en\/wp-json\/wp\/v2\/pages\/2738","targetHints":{"allow":["GET"]}}],"collection":[{"href":"https:\/\/www.kabanescharlevoix.com\/en\/wp-json\/wp\/v2\/pages"}],"about":[{"href":"https:\/\/www.kabanescharlevoix.com\/en\/wp-json\/wp\/v2\/types\/page"}],"author":[{"embeddable":true,"href":"https:\/\/www.kabanescharlevoix.com\/en\/wp-json\/wp\/v2\/users\/1"}],"replies":[{"embeddable":true,"href":"https:\/\/www.kabanescharlevoix.com\/en\/wp-json\/wp\/v2\/comments?post=2738"}],"version-history":[{"count":5,"href":"https:\/\/www.kabanescharlevoix.com\/en\/wp-json\/wp\/v2\/pages\/2738\/revisions"}],"predecessor-version":[{"id":2919,"href":"https:\/\/www.kabanescharlevoix.com\/en\/wp-json\/wp\/v2\/pages\/2738\/revisions\/2919"}],"wp:attachment":[{"href":"https:\/\/www.kabanescharlevoix.com\/en\/wp-json\/wp\/v2\/media?parent=2738"}],"curies":[{"name":"wp","href":"https:\/\/api.w.org\/{rel}","templated":true}]}}