{"id":2744,"date":"2022-09-26T15:51:22","date_gmt":"2022-09-26T14:51:22","guid":{"rendered":"https:\/\/www.kabanescharlevoix.com\/reviews\/"},"modified":"2026-01-07T13:40:07","modified_gmt":"2026-01-07T13:40:07","slug":"reviews","status":"publish","type":"page","link":"https:\/\/www.kabanescharlevoix.com\/en\/reviews\/","title":{"rendered":"Reviews"},"content":{"rendered":"<p>[et_pb_section fb_built=&#8221;1&#8243; fullwidth=&#8221;on&#8221; admin_label=&#8221;Header Section&#8221; _builder_version=&#8221;4.19.5&#8243; _module_preset=&#8221;default&#8221; global_colors_info=&#8221;{}&#8221; theme_builder_area=&#8221;post_content&#8221;][et_pb_fullwidth_header title=&#8221;Your reviews&#8221; subhead=&#8221;Don\u2019t just take our word for it\u2014see for yourself!&#8221; text_orientation=&#8221;center&#8221; _builder_version=&#8221;4.18.0&#8243; _module_preset=&#8221;default&#8221; title_font=&#8221;|700|||||||&#8221; title_font_size=&#8221;55px&#8221; background_enable_color=&#8221;off&#8221; use_background_color_gradient=&#8221;on&#8221; background_color_gradient_stops=&#8221;rgba(0,0,0,0) 0%|rgba(0,0,0,0.65) 100%&#8221; background_color_gradient_overlays_image=&#8221;on&#8221; background_image=&#8221;https:\/\/www.kabanescharlevoix.com\/wp-content\/uploads\/sites\/92\/2022\/09\/review-banner.jpg&#8221; custom_padding=&#8221;100px||100px||true|false&#8221; custom_padding_tablet=&#8221;75px||75px||true|false&#8221; custom_padding_phone=&#8221;50px||50px||true|false&#8221; custom_padding_last_edited=&#8221;on|phone&#8221; title_font_size_tablet=&#8221;50px&#8221; title_font_size_phone=&#8221;35px&#8221; title_font_size_last_edited=&#8221;on|tablet&#8221; subhead_font_size_tablet=&#8221;16px&#8221; subhead_font_size_phone=&#8221;16px&#8221; subhead_font_size_last_edited=&#8221;on|phone&#8221; global_colors_info=&#8221;{}&#8221; header_font_size_tablet=&#8221;50px&#8221; header_font_size_phone=&#8221;35px&#8221; header_font_size_last_edited=&#8221;on|phone&#8221; theme_builder_area=&#8221;post_content&#8221;][\/et_pb_fullwidth_header][\/et_pb_section][et_pb_section fb_built=&#8221;1&#8243; custom_padding_last_edited=&#8221;on|phone&#8221; admin_label=&#8221;Title Section&#8221; _builder_version=&#8221;4.19.5&#8243; _module_preset=&#8221;default&#8221; background_color=&#8221;#f7f7f7&#8243; custom_padding=&#8221;50px||50px||true|false&#8221; custom_padding_tablet=&#8221;50px||50px||true|false&#8221; custom_padding_phone=&#8221;40px||40px||true|false&#8221; global_colors_info=&#8221;{}&#8221; theme_builder_area=&#8221;post_content&#8221;][et_pb_row column_structure=&#8221;3_4,1_4&#8243; custom_padding_last_edited=&#8221;on|phone&#8221; _builder_version=&#8221;4.27.4&#8243; _module_preset=&#8221;default&#8221; width=&#8221;90%&#8221; width_tablet=&#8221;90%&#8221; width_phone=&#8221;85%&#8221; width_last_edited=&#8221;on|phone&#8221; custom_padding=&#8221;||||false|false&#8221; custom_padding_tablet=&#8221;||||false|false&#8221; custom_padding_phone=&#8221;10px||||false|false&#8221; custom_css_main_element=&#8221;display: flex;||flex-wrap: wrap;&#8221; global_colors_info=&#8221;{}&#8221; custom_css_main_element_last_edited=&#8221;on|tablet&#8221; custom_css_main_element_tablet=&#8221;display: flex;||flex-wrap: wrap;&#8221; custom_css_main_element_phone=&#8221;display: flex;||flex-wrap: wrap;&#8221; theme_builder_area=&#8221;post_content&#8221;][et_pb_column type=&#8221;3_4&#8243; _builder_version=&#8221;4.18.0&#8243; _module_preset=&#8221;default&#8221; global_colors_info=&#8221;{}&#8221; custom_css_main_element_last_edited=&#8221;on|phone&#8221; custom_css_main_element_tablet=&#8221;width:70%&#8221; custom_css_main_element_phone=&#8221;width:100%; order:2&#8243; theme_builder_area=&#8221;post_content&#8221;][et_pb_text admin_label=&#8221;Title&#8221; _builder_version=&#8221;4.27.4&#8243; _module_preset=&#8221;default&#8221; custom_margin=&#8221;||||false|false&#8221; custom_margin_tablet=&#8221;||-30px||false|false&#8221; custom_margin_phone=&#8221;||-30px||false|false&#8221; custom_margin_last_edited=&#8221;on|phone&#8221; custom_padding=&#8221;||||false|false&#8221; custom_padding_tablet=&#8221;||||false|false&#8221; custom_padding_phone=&#8221;30px||||false|false&#8221; custom_padding_last_edited=&#8221;on|tablet&#8221; scroll_horizontal_motion=&#8221;0|50|50|100|-2|0|0&#8243; motion_trigger_start=&#8221;top&#8221; hover_enabled=&#8221;0&#8243; global_colors_info=&#8221;{}&#8221; theme_builder_area=&#8221;post_content&#8221; sticky_enabled=&#8221;0&#8243;]<\/p>\n<h2 style=\"text-align: left\"><strong>What our visitors say about us<br \/><\/strong><\/h2>\n<p>&nbsp;<\/p>\n<p style=\"text-align: justify\">Our clients\u2019 reviews reflect our commitment to rigorous chalet rental management and high-quality stays in Charlevoix. Each review helps us maintain a level of service that meets your expectations Thank you for your trust !<\/p>\n<p>[\/et_pb_text][\/et_pb_column][et_pb_column type=&#8221;1_4&#8243; _builder_version=&#8221;4.18.0&#8243; _module_preset=&#8221;default&#8221; global_colors_info=&#8221;{}&#8221; custom_css_main_element_last_edited=&#8221;on|phone&#8221; custom_css_main_element_tablet=&#8221;width:30%&#8221; custom_css_main_element_phone=&#8221;width:100%; order:1&#8243; theme_builder_area=&#8221;post_content&#8221;][et_pb_button button_url=&#8221;#review-form&#8221; button_text=&#8221;Leave a comment&#8221; button_alignment=&#8221;right&#8221; button_alignment_tablet=&#8221;right&#8221; button_alignment_phone=&#8221;center&#8221; button_alignment_last_edited=&#8221;on|phone&#8221; _builder_version=&#8221;4.27.4&#8243; _module_preset=&#8221;default&#8221; global_colors_info=&#8221;{}&#8221; theme_builder_area=&#8221;post_content&#8221;][\/et_pb_button][\/et_pb_column][\/et_pb_row][et_pb_row _builder_version=&#8221;4.18.0&#8243; _module_preset=&#8221;default&#8221; width=&#8221;90%&#8221; width_tablet=&#8221;90%&#8221; width_phone=&#8221;85%&#8221; width_last_edited=&#8221;on|phone&#8221; custom_padding=&#8221;11px||0px||false|false&#8221; global_colors_info=&#8221;{}&#8221; theme_builder_area=&#8221;post_content&#8221;][et_pb_column type=&#8221;4_4&#8243; _builder_version=&#8221;4.18.0&#8243; _module_preset=&#8221;default&#8221; global_colors_info=&#8221;{}&#8221; theme_builder_area=&#8221;post_content&#8221;][et_pb_code _builder_version=&#8221;4.22.1&#8243; _module_preset=&#8221;default&#8221; locked=&#8221;on&#8221; global_colors_info=&#8221;{}&#8221; theme_builder_area=&#8221;post_content&#8221;]\t<div class=\"_villas-365-property-reviews-grid\"><\/div>\n[\/et_pb_code][\/et_pb_column][\/et_pb_row][\/et_pb_section][et_pb_section fb_built=&#8221;1&#8243; custom_padding_last_edited=&#8221;on|phone&#8221; admin_label=&#8221;Form Section&#8221; module_id=&#8221;review-form&#8221; _builder_version=&#8221;4.19.5&#8243; _module_preset=&#8221;default&#8221; background_color=&#8221;#FFFFFF&#8221; custom_padding=&#8221;50px||50px||true|false&#8221; custom_padding_tablet=&#8221;50px||50px||true|false&#8221; custom_padding_phone=&#8221;40px||40px||true|false&#8221; global_colors_info=&#8221;{}&#8221; theme_builder_area=&#8221;post_content&#8221;][et_pb_row _builder_version=&#8221;4.19.5&#8243; _module_preset=&#8221;default&#8221; width=&#8221;60%&#8221; width_tablet=&#8221;90%&#8221; width_phone=&#8221;85%&#8221; width_last_edited=&#8221;on|desktop&#8221; custom_margin=&#8221;|auto|-26px|auto||&#8221; custom_padding=&#8221;20px||0px|||&#8221; custom_css_main_element=&#8221;align-items:center&#8221; global_colors_info=&#8221;{}&#8221; theme_builder_area=&#8221;post_content&#8221;][et_pb_column type=&#8221;4_4&#8243; _builder_version=&#8221;4.18.0&#8243; _module_preset=&#8221;default&#8221; global_colors_info=&#8221;{}&#8221; theme_builder_area=&#8221;post_content&#8221;][et_pb_text admin_label=&#8221;Title&#8221; _builder_version=&#8221;4.19.5&#8243; _module_preset=&#8221;default&#8221; text_orientation=&#8221;center&#8221; custom_margin=&#8221;||||false|false&#8221; custom_margin_tablet=&#8221;||10px||false|false&#8221; custom_margin_phone=&#8221;||0px||false|false&#8221; custom_margin_last_edited=&#8221;on|tablet&#8221; custom_padding=&#8221;||||false|false&#8221; custom_padding_tablet=&#8221;||||false|false&#8221; custom_padding_phone=&#8221;||||false|false&#8221; custom_padding_last_edited=&#8221;on|phone&#8221; scroll_horizontal_motion=&#8221;0|50|50|100|-2|0|0&#8243; motion_trigger_start=&#8221;top&#8221; header_2_font_size_tablet=&#8221;&#8221; header_2_font_size_phone=&#8221;26px&#8221; header_2_font_size_last_edited=&#8221;on|phone&#8221; global_colors_info=&#8221;{}&#8221; theme_builder_area=&#8221;post_content&#8221;]<\/p>\n<h2><strong>We want to hear from you!<br \/><\/strong><\/h2>\n<p>[\/et_pb_text][et_pb_text _builder_version=&#8221;4.27.4&#8243; _module_preset=&#8221;default&#8221; text_orientation=&#8221;center&#8221; custom_margin=&#8221;||0px||false|false&#8221; custom_padding=&#8221;||||false|false&#8221; global_colors_info=&#8221;{}&#8221; theme_builder_area=&#8221;post_content&#8221;]<\/p>\n<p>Your feedback is valuable to us. We read it carefully and strive to respond to each comment. <\/p>\n<p>[\/et_pb_text][et_pb_code _builder_version=&#8221;4.22.1&#8243; _module_preset=&#8221;default&#8221; custom_padding=&#8221;21px|||||&#8221; locked=&#8221;on&#8221; global_colors_info=&#8221;{}&#8221; theme_builder_area=&#8221;post_content&#8221;]\t<div class=\"_villas-365-property-reviews-form\"><\/div>\n[\/et_pb_code][\/et_pb_column][\/et_pb_row][\/et_pb_section][et_pb_section fb_built=&#8221;1&#8243; custom_padding_last_edited=&#8221;on|phone&#8221; admin_label=&#8221;Contact Section&#8221; _builder_version=&#8221;4.27.4&#8243; _module_preset=&#8221;default&#8221; use_background_color_gradient=&#8221;on&#8221; background_color_gradient_direction=&#8221;76deg&#8221; background_color_gradient_stops=&#8221;#bf905d 2%|#bf813f 29%|#b26221 55%|#702e00 81%&#8221; custom_padding=&#8221;40px||40px||true|&#8221; custom_padding_tablet=&#8221;30px||30px||true|false&#8221; custom_padding_phone=&#8221;||20px||false|false&#8221; saved_tabs=&#8221;all&#8221; global_colors_info=&#8221;{}&#8221; theme_builder_area=&#8221;post_content&#8221;][et_pb_row column_structure=&#8221;1_2,1_2&#8243; use_custom_gutter=&#8221;on&#8221; gutter_width=&#8221;1&#8243; make_equal=&#8221;on&#8221; _builder_version=&#8221;4.27.4&#8243; _module_preset=&#8221;default&#8221; width=&#8221;100%&#8221; custom_padding=&#8221;0px||0px|||&#8221; custom_css_main_element=&#8221;display:flex&#8221; global_colors_info=&#8221;{}&#8221; custom_css_main_element_last_edited=&#8221;on|tablet&#8221; custom_css_main_element_phone=&#8221;display:block&#8221; custom_css_main_element_tablet=&#8221;display:flex&#8221; theme_builder_area=&#8221;post_content&#8221;][et_pb_column type=&#8221;1_2&#8243; _builder_version=&#8221;4.18.0&#8243; _module_preset=&#8221;default&#8221; custom_padding=&#8221;|10px||10px|false|true&#8221; border_width_right=&#8221;1px&#8221; border_color_right=&#8221;rgba(255,255,255,0.25)&#8221; global_colors_info=&#8221;{}&#8221; theme_builder_area=&#8221;post_content&#8221;][et_pb_blurb title=&#8221;Contact us&#8221; use_icon=&#8221;on&#8221; font_icon=&#8221;&#xf879;||fa||900&#8243; icon_color=&#8221;#FFFFFF&#8221; image_icon_background_color=&#8221;RGBA(255,255,255,0)&#8221; image_icon_width=&#8221;40px&#8221; image_icon_width_tablet=&#8221;34px&#8221; image_icon_width_phone=&#8221;25px&#8221; image_icon_width_last_edited=&#8221;on|phone&#8221; admin_label=&#8221;CTA Tel&#8221; _builder_version=&#8221;4.19.5&#8243; _module_preset=&#8221;default&#8221; header_font=&#8221;|700|||||||&#8221; header_font_size=&#8221;27px&#8221; body_font_size=&#8221;23px&#8221; transform_scale_tablet=&#8221;90%|90%&#8221; transform_scale_phone=&#8221;&#8221; transform_scale_last_edited=&#8221;on|phone&#8221; transform_translate_tablet=&#8221;&#8221; transform_translate_phone=&#8221;&#8221; transform_translate_last_edited=&#8221;on|desktop&#8221; transform_rotate_tablet=&#8221;&#8221; transform_rotate_phone=&#8221;&#8221; transform_rotate_last_edited=&#8221;on|desktop&#8221; transform_skew_tablet=&#8221;&#8221; transform_skew_phone=&#8221;&#8221; transform_skew_last_edited=&#8221;on|desktop&#8221; transform_origin_tablet=&#8221;&#8221; transform_origin_phone=&#8221;&#8221; transform_origin_last_edited=&#8221;on|desktop&#8221; transform_styles_last_edited=&#8221;on|phone&#8221; text_orientation=&#8221;center&#8221; background_layout=&#8221;dark&#8221; custom_margin=&#8221;|-12px||||&#8221; custom_margin_tablet=&#8221;&#8221; custom_margin_phone=&#8221;||20px||false|false&#8221; custom_margin_last_edited=&#8221;on|phone&#8221; custom_padding=&#8221;||0px|||&#8221; header_font_size_tablet=&#8221;24px&#8221; header_font_size_phone=&#8221;23px&#8221; header_font_size_last_edited=&#8221;on|phone&#8221; body_font_size_tablet=&#8221;21px&#8221; body_font_size_phone=&#8221;20px&#8221; body_font_size_last_edited=&#8221;on|phone&#8221; body_line_height_tablet=&#8221;&#8221; body_line_height_phone=&#8221;0.6em&#8221; body_line_height_last_edited=&#8221;on|phone&#8221; transform_styles_tablet=&#8221;&#8221; transform_styles_phone=&#8221;&#8221; custom_css_blurb_title=&#8221;margin-top:-10px&#8221; global_module=&#8221;1942&#8243; saved_tabs=&#8221;all&#8221; global_colors_info=&#8221;{}&#8221; custom_css_blurb_title_last_edited=&#8221;on|phone&#8221; custom_css_blurb_title_phone=&#8221;margin-top:-20px&#8221; custom_css_blurb_title_tablet=&#8221;margin-top:-10px&#8221; theme_builder_area=&#8221;post_content&#8221;]<\/p>\n<p>418-806-4756<\/p>\n<p>[\/et_pb_blurb][\/et_pb_column][et_pb_column type=&#8221;1_2&#8243; _builder_version=&#8221;4.18.0&#8243; _module_preset=&#8221;default&#8221; custom_padding=&#8221;|10px||10px|false|true&#8221; global_colors_info=&#8221;{}&#8221; theme_builder_area=&#8221;post_content&#8221;][et_pb_blurb title=&#8221;Email us&#8221; use_icon=&#8221;on&#8221; font_icon=&#8221;&#xf0e0;||fa||900&#8243; icon_color=&#8221;#FFFFFF&#8221; image_icon_background_color=&#8221;RGBA(255,255,255,0)&#8221; image_icon_width=&#8221;40px&#8221; image_icon_width_tablet=&#8221;34px&#8221; image_icon_width_phone=&#8221;25px&#8221; image_icon_width_last_edited=&#8221;on|phone&#8221; admin_label=&#8221;CTA Email&#8221; _builder_version=&#8221;4.27.4&#8243; _module_preset=&#8221;default&#8221; header_font=&#8221;|700|||||||&#8221; header_font_size=&#8221;27px&#8221; body_font_size=&#8221;23px&#8221; transform_scale_tablet=&#8221;90%|90%&#8221; transform_scale_phone=&#8221;&#8221; transform_scale_last_edited=&#8221;on|phone&#8221; transform_translate_tablet=&#8221;&#8221; transform_translate_phone=&#8221;&#8221; transform_translate_last_edited=&#8221;on|desktop&#8221; transform_rotate_tablet=&#8221;&#8221; transform_rotate_phone=&#8221;&#8221; transform_rotate_last_edited=&#8221;on|desktop&#8221; transform_skew_tablet=&#8221;&#8221; transform_skew_phone=&#8221;&#8221; transform_skew_last_edited=&#8221;on|desktop&#8221; transform_origin_tablet=&#8221;&#8221; transform_origin_phone=&#8221;&#8221; transform_origin_last_edited=&#8221;on|desktop&#8221; transform_styles_last_edited=&#8221;on|phone&#8221; text_orientation=&#8221;center&#8221; background_layout=&#8221;dark&#8221; min_height=&#8221;185px&#8221; custom_margin=&#8221;|-12px||||&#8221; custom_margin_tablet=&#8221;&#8221; custom_margin_phone=&#8221;||20px||false|false&#8221; custom_margin_last_edited=&#8221;on|phone&#8221; header_font_size_tablet=&#8221;24px&#8221; header_font_size_phone=&#8221;23px&#8221; header_font_size_last_edited=&#8221;on|phone&#8221; body_font_size_tablet=&#8221;21px&#8221; body_font_size_phone=&#8221;20px&#8221; body_font_size_last_edited=&#8221;on|phone&#8221; body_line_height_tablet=&#8221;&#8221; body_line_height_phone=&#8221;0.6em&#8221; body_line_height_last_edited=&#8221;on|phone&#8221; transform_styles_tablet=&#8221;&#8221; transform_styles_phone=&#8221;&#8221; custom_css_blurb_title=&#8221;margin-top:-10px&#8221; global_module=&#8221;1944&#8243; saved_tabs=&#8221;all&#8221; global_colors_info=&#8221;{}&#8221; custom_css_blurb_title_phone=&#8221;margin-top:-20px&#8221; custom_css_blurb_title_last_edited=&#8221;on|phone&#8221; custom_css_blurb_title_tablet=&#8221;margin-top:-10px&#8221; theme_builder_area=&#8221;post_content&#8221;]<\/p>\n<p>kabanescharlevoix@outlook.com<\/p>\n<p>[\/et_pb_blurb][\/et_pb_column][\/et_pb_row][\/et_pb_section]<\/p>\n","protected":false},"excerpt":{"rendered":"<p>What our visitors say about us &nbsp; Our clients\u2019 reviews reflect our commitment to rigorous chalet rental management and high-quality stays in Charlevoix. Each review helps us maintain a level of service that meets your expectations Thank you for your trust !\t<div class=\"_villas-365-property-reviews-grid\"><\/div>\nWe want to hear from you!Your feedback is valuable to us. We read [&hellip;]<\/p>\n","protected":false},"author":1,"featured_media":0,"parent":0,"menu_order":6,"comment_status":"closed","ping_status":"closed","template":"","meta":{"_et_pb_use_builder":"on","_et_pb_old_content":"","_et_gb_content_width":"","inline_featured_image":false,"footnotes":""},"class_list":["post-2744","page","type-page","status-publish","hentry"],"yoast_head":"<!-- This site is optimized with the Yoast SEO Premium plugin v24.1 (Yoast SEO v26.6) - https:\/\/yoast.com\/wordpress\/plugins\/seo\/ -->\n<title>Reviews &amp; Testimonials \u2013 K\u00e4banes Charlevoix<\/title>\n<meta name=\"description\" content=\"Discover reviews and testimonials from clients who have stayed with or entrusted their chalet to K\u00e4banes Charlevoix Transparency, quality, and human-centered service.\" \/>\n<meta name=\"robots\" content=\"index, follow, max-snippet:-1, max-image-preview:large, max-video-preview:-1\" \/>\n<link rel=\"canonical\" href=\"https:\/\/www.kabanescharlevoix.com\/en\/reviews\/\" \/>\n<meta property=\"og:locale\" content=\"en_US\" \/>\n<meta property=\"og:type\" content=\"article\" \/>\n<meta property=\"og:title\" content=\"Reviews\" \/>\n<meta property=\"og:description\" content=\"Location chalets Charlevoix : chalets luxueux, confort absolu et vues sur le fleuve et la nature. Une exp\u00e9rience inoubliable avec un service impeccable. R\u00e9servez avec K\u00e4banes Charlevoix! \ud83c\udf3f\" \/>\n<meta property=\"og:url\" content=\"https:\/\/www.kabanescharlevoix.com\/en\/reviews\/\" \/>\n<meta property=\"og:site_name\" content=\"K\u00e4banes Charlevoix\" \/>\n<meta property=\"article:publisher\" content=\"https:\/\/www.facebook.com\/people\/Kbanes-Gestion-locative\/61583068877551\/\" \/>\n<meta property=\"article:modified_time\" content=\"2026-01-07T13:40:07+00:00\" \/>\n<meta property=\"og:image\" content=\"https:\/\/www.kabanescharlevoix.com\/wp-content\/uploads\/sites\/92\/2025\/12\/officiel-scaled.jpg\" \/>\n\t<meta property=\"og:image:width\" content=\"2560\" \/>\n\t<meta property=\"og:image:height\" content=\"1920\" \/>\n\t<meta property=\"og:image:type\" content=\"image\/jpeg\" \/>\n<meta name=\"twitter:card\" content=\"summary_large_image\" \/>\n<meta name=\"twitter:label1\" content=\"Est. reading time\" \/>\n\t<meta name=\"twitter:data1\" content=\"8 minutes\" \/>\n<script type=\"application\/ld+json\" class=\"yoast-schema-graph\">{\"@context\":\"https:\/\/schema.org\",\"@graph\":[{\"@type\":\"WebPage\",\"@id\":\"https:\/\/www.kabanescharlevoix.com\/en\/reviews\/\",\"url\":\"https:\/\/www.kabanescharlevoix.com\/en\/reviews\/\",\"name\":\"Reviews & Testimonials \u2013 K\u00e4banes Charlevoix\",\"isPartOf\":{\"@id\":\"https:\/\/www.kabanescharlevoix.com\/en\/#website\"},\"datePublished\":\"2022-09-26T14:51:22+00:00\",\"dateModified\":\"2026-01-07T13:40:07+00:00\",\"description\":\"Discover reviews and testimonials from clients who have stayed with or entrusted their chalet to K\u00e4banes Charlevoix Transparency, quality, and human-centered service.\",\"breadcrumb\":{\"@id\":\"https:\/\/www.kabanescharlevoix.com\/en\/reviews\/#breadcrumb\"},\"inLanguage\":\"en-US\",\"potentialAction\":[{\"@type\":\"ReadAction\",\"target\":[\"https:\/\/www.kabanescharlevoix.com\/en\/reviews\/\"]}]},{\"@type\":\"BreadcrumbList\",\"@id\":\"https:\/\/www.kabanescharlevoix.com\/en\/reviews\/#breadcrumb\",\"itemListElement\":[{\"@type\":\"ListItem\",\"position\":1,\"name\":\"Home\",\"item\":\"https:\/\/www.kabanescharlevoix.com\/en\/home\/\"},{\"@type\":\"ListItem\",\"position\":2,\"name\":\"Reviews\"}]},{\"@type\":\"WebSite\",\"@id\":\"https:\/\/www.kabanescharlevoix.com\/en\/#website\",\"url\":\"https:\/\/www.kabanescharlevoix.com\/en\/\",\"name\":\"K\u00e4banes Charlevoix\",\"description\":\"Une exp\u00e9rience qui se d\u00e9marque\",\"publisher\":{\"@id\":\"https:\/\/www.kabanescharlevoix.com\/en\/#organization\"},\"potentialAction\":[{\"@type\":\"SearchAction\",\"target\":{\"@type\":\"EntryPoint\",\"urlTemplate\":\"https:\/\/www.kabanescharlevoix.com\/en\/?s={search_term_string}\"},\"query-input\":{\"@type\":\"PropertyValueSpecification\",\"valueRequired\":true,\"valueName\":\"search_term_string\"}}],\"inLanguage\":\"en-US\"},{\"@type\":\"Organization\",\"@id\":\"https:\/\/www.kabanescharlevoix.com\/en\/#organization\",\"name\":\"K\u00e4banes Charlevoix\",\"url\":\"https:\/\/www.kabanescharlevoix.com\/en\/\",\"logo\":{\"@type\":\"ImageObject\",\"inLanguage\":\"en-US\",\"@id\":\"https:\/\/www.kabanescharlevoix.com\/en\/#\/schema\/logo\/image\/\",\"url\":\"https:\/\/www.kabanescharlevoix.com\/wp-content\/uploads\/sites\/92\/2025\/11\/officiel-gf-transp.png\",\"contentUrl\":\"https:\/\/www.kabanescharlevoix.com\/wp-content\/uploads\/sites\/92\/2025\/11\/officiel-gf-transp.png\",\"width\":6250,\"height\":2500,\"caption\":\"K\u00e4banes Charlevoix\"},\"image\":{\"@id\":\"https:\/\/www.kabanescharlevoix.com\/en\/#\/schema\/logo\/image\/\"},\"sameAs\":[\"https:\/\/www.facebook.com\/people\/Kbanes-Gestion-locative\/61583068877551\/\",\"https:\/\/www.instagram.com\/kabanescharlevoix\/\"]}]}<\/script>\n<!-- \/ Yoast SEO Premium plugin. -->","yoast_head_json":{"title":"Reviews & Testimonials \u2013 K\u00e4banes Charlevoix","description":"Discover reviews and testimonials from clients who have stayed with or entrusted their chalet to K\u00e4banes Charlevoix Transparency, quality, and human-centered service.","robots":{"index":"index","follow":"follow","max-snippet":"max-snippet:-1","max-image-preview":"max-image-preview:large","max-video-preview":"max-video-preview:-1"},"canonical":"https:\/\/www.kabanescharlevoix.com\/en\/reviews\/","og_locale":"en_US","og_type":"article","og_title":"Reviews","og_description":"Location chalets Charlevoix : chalets luxueux, confort absolu et vues sur le fleuve et la nature. Une exp\u00e9rience inoubliable avec un service impeccable. R\u00e9servez avec K\u00e4banes Charlevoix! \ud83c\udf3f","og_url":"https:\/\/www.kabanescharlevoix.com\/en\/reviews\/","og_site_name":"K\u00e4banes Charlevoix","article_publisher":"https:\/\/www.facebook.com\/people\/Kbanes-Gestion-locative\/61583068877551\/","article_modified_time":"2026-01-07T13:40:07+00:00","og_image":[{"width":2560,"height":1920,"url":"https:\/\/www.kabanescharlevoix.com\/wp-content\/uploads\/sites\/92\/2025\/12\/officiel-scaled.jpg","type":"image\/jpeg"}],"twitter_card":"summary_large_image","twitter_misc":{"Est. reading time":"8 minutes"},"schema":{"@context":"https:\/\/schema.org","@graph":[{"@type":"WebPage","@id":"https:\/\/www.kabanescharlevoix.com\/en\/reviews\/","url":"https:\/\/www.kabanescharlevoix.com\/en\/reviews\/","name":"Reviews & Testimonials \u2013 K\u00e4banes Charlevoix","isPartOf":{"@id":"https:\/\/www.kabanescharlevoix.com\/en\/#website"},"datePublished":"2022-09-26T14:51:22+00:00","dateModified":"2026-01-07T13:40:07+00:00","description":"Discover reviews and testimonials from clients who have stayed with or entrusted their chalet to K\u00e4banes Charlevoix Transparency, quality, and human-centered service.","breadcrumb":{"@id":"https:\/\/www.kabanescharlevoix.com\/en\/reviews\/#breadcrumb"},"inLanguage":"en-US","potentialAction":[{"@type":"ReadAction","target":["https:\/\/www.kabanescharlevoix.com\/en\/reviews\/"]}]},{"@type":"BreadcrumbList","@id":"https:\/\/www.kabanescharlevoix.com\/en\/reviews\/#breadcrumb","itemListElement":[{"@type":"ListItem","position":1,"name":"Home","item":"https:\/\/www.kabanescharlevoix.com\/en\/home\/"},{"@type":"ListItem","position":2,"name":"Reviews"}]},{"@type":"WebSite","@id":"https:\/\/www.kabanescharlevoix.com\/en\/#website","url":"https:\/\/www.kabanescharlevoix.com\/en\/","name":"K\u00e4banes Charlevoix","description":"Une exp\u00e9rience qui se d\u00e9marque","publisher":{"@id":"https:\/\/www.kabanescharlevoix.com\/en\/#organization"},"potentialAction":[{"@type":"SearchAction","target":{"@type":"EntryPoint","urlTemplate":"https:\/\/www.kabanescharlevoix.com\/en\/?s={search_term_string}"},"query-input":{"@type":"PropertyValueSpecification","valueRequired":true,"valueName":"search_term_string"}}],"inLanguage":"en-US"},{"@type":"Organization","@id":"https:\/\/www.kabanescharlevoix.com\/en\/#organization","name":"K\u00e4banes Charlevoix","url":"https:\/\/www.kabanescharlevoix.com\/en\/","logo":{"@type":"ImageObject","inLanguage":"en-US","@id":"https:\/\/www.kabanescharlevoix.com\/en\/#\/schema\/logo\/image\/","url":"https:\/\/www.kabanescharlevoix.com\/wp-content\/uploads\/sites\/92\/2025\/11\/officiel-gf-transp.png","contentUrl":"https:\/\/www.kabanescharlevoix.com\/wp-content\/uploads\/sites\/92\/2025\/11\/officiel-gf-transp.png","width":6250,"height":2500,"caption":"K\u00e4banes Charlevoix"},"image":{"@id":"https:\/\/www.kabanescharlevoix.com\/en\/#\/schema\/logo\/image\/"},"sameAs":["https:\/\/www.facebook.com\/people\/Kbanes-Gestion-locative\/61583068877551\/","https:\/\/www.instagram.com\/kabanescharlevoix\/"]}]}},"_links":{"self":[{"href":"https:\/\/www.kabanescharlevoix.com\/en\/wp-json\/wp\/v2\/pages\/2744","targetHints":{"allow":["GET"]}}],"collection":[{"href":"https:\/\/www.kabanescharlevoix.com\/en\/wp-json\/wp\/v2\/pages"}],"about":[{"href":"https:\/\/www.kabanescharlevoix.com\/en\/wp-json\/wp\/v2\/types\/page"}],"author":[{"embeddable":true,"href":"https:\/\/www.kabanescharlevoix.com\/en\/wp-json\/wp\/v2\/users\/1"}],"replies":[{"embeddable":true,"href":"https:\/\/www.kabanescharlevoix.com\/en\/wp-json\/wp\/v2\/comments?post=2744"}],"version-history":[{"count":7,"href":"https:\/\/www.kabanescharlevoix.com\/en\/wp-json\/wp\/v2\/pages\/2744\/revisions"}],"predecessor-version":[{"id":3020,"href":"https:\/\/www.kabanescharlevoix.com\/en\/wp-json\/wp\/v2\/pages\/2744\/revisions\/3020"}],"wp:attachment":[{"href":"https:\/\/www.kabanescharlevoix.com\/en\/wp-json\/wp\/v2\/media?parent=2744"}],"curies":[{"name":"wp","href":"https:\/\/api.w.org\/{rel}","templated":true}]}}