{"id":2755,"date":"2022-09-26T15:51:22","date_gmt":"2022-09-26T14:51:22","guid":{"rendered":"https:\/\/www.kabanescharlevoix.com\/terms\/"},"modified":"2026-01-05T22:52:45","modified_gmt":"2026-01-05T22:52:45","slug":"terms","status":"publish","type":"page","link":"https:\/\/www.kabanescharlevoix.com\/en\/terms\/","title":{"rendered":"Terms and Conditions"},"content":{"rendered":"<p>[et_pb_section fb_built=&#8221;1&#8243; fullwidth=&#8221;on&#8221; _builder_version=&#8221;4.18.0&#8243; _module_preset=&#8221;default&#8221; global_colors_info=&#8221;{}&#8221; theme_builder_area=&#8221;post_content&#8221;][et_pb_fullwidth_header title=&#8221;Terms and Conditions&#8221; text_orientation=&#8221;center&#8221; _builder_version=&#8221;4.18.0&#8243; _module_preset=&#8221;default&#8221; title_font=&#8221;|700|||||||&#8221; title_font_size=&#8221;45px&#8221; background_color=&#8221;#f7f7f7&#8243; background_enable_image=&#8221;off&#8221; background_layout=&#8221;light&#8221; custom_padding=&#8221;70px||0px||false|false&#8221; custom_padding_tablet=&#8221;75px||75px||true|false&#8221; custom_padding_phone=&#8221;50px||50px||true|true&#8221; custom_padding_last_edited=&#8221;on|phone&#8221; title_font_size_tablet=&#8221;50px&#8221; title_font_size_phone=&#8221;35px&#8221; title_font_size_last_edited=&#8221;on|tablet&#8221; subhead_font_size_tablet=&#8221;16px&#8221; subhead_font_size_phone=&#8221;16px&#8221; subhead_font_size_last_edited=&#8221;on|desktop&#8221; global_colors_info=&#8221;{}&#8221; header_font_size_tablet=&#8221;50px&#8221; header_font_size_phone=&#8221;35px&#8221; header_font_size_last_edited=&#8221;on|phone&#8221; theme_builder_area=&#8221;post_content&#8221;][\/et_pb_fullwidth_header][\/et_pb_section][et_pb_section fb_built=&#8221;1&#8243; custom_padding_last_edited=&#8221;on|phone&#8221; _builder_version=&#8221;4.18.0&#8243; _module_preset=&#8221;default&#8221; background_color=&#8221;#f7f7f7&#8243; use_background_color_gradient=&#8221;on&#8221; background_color_gradient_direction=&#8221;360deg&#8221; background_color_gradient_stops=&#8221;#ffffff 0%|#f7f7f7 100%&#8221; custom_padding=&#8221;42px||||false|false&#8221; custom_padding_tablet=&#8221;0px||||false|false&#8221; custom_padding_phone=&#8221;0px||||false|false&#8221; global_colors_info=&#8221;{}&#8221; theme_builder_area=&#8221;post_content&#8221;][et_pb_row _builder_version=&#8221;4.18.0&#8243; _module_preset=&#8221;default&#8221; width=&#8221;50%&#8221; width_tablet=&#8221;80%&#8221; width_phone=&#8221;80%&#8221; width_last_edited=&#8221;on|tablet&#8221; custom_padding=&#8221;0px||0px||false|false&#8221; global_colors_info=&#8221;{}&#8221; theme_builder_area=&#8221;post_content&#8221;][et_pb_column type=&#8221;4_4&#8243; _builder_version=&#8221;4.18.0&#8243; _module_preset=&#8221;default&#8221; global_colors_info=&#8221;{}&#8221; theme_builder_area=&#8221;post_content&#8221;][et_pb_text _builder_version=&#8221;4.27.4&#8243; _module_preset=&#8221;default&#8221; hover_enabled=&#8221;0&#8243; global_colors_info=&#8221;{}&#8221; theme_builder_area=&#8221;post_content&#8221; sticky_enabled=&#8221;0&#8243;]<\/p>\n<div data-v-11b4eedd=\"\" data-v-164ff72a=\"\" class=\"results__agreement-preview\">\n<h4>Terms and Conditions<\/h4>\n<p>Welcome to K\u00e4banes Charlevoix!<\/p>\n<p data-start=\"72\" data-end=\"244\">These general terms and conditions define the rules and regulations governing the use of the K\u00e4banes Charlevoix website, accessible at kabanescharlevoix.com.<\/p>\n<p data-start=\"246\" data-end=\"445\">By accessing this website, we consider that you accept these terms and conditions. Do not continue to use K\u00e4banes Charlevoix if you do not agree to all the terms outlined on this page. <\/p>\n<p>&nbsp;<\/p>\n<h4>Cookies:<\/h4>\n<p data-start=\"40\" data-end=\"190\">The website uses cookies to personalize your online experience. By accessing K\u00e4banes Charlevoix, you agree to the use of required cookies. <\/p>\n<p data-start=\"192\" data-end=\"516\">A cookie is a text file placed on your hard drive by a web page server. Cookies cannot be used to run programs or deliver viruses to your computer. They are uniquely assigned to you and can only be read by a web server from the domain that issued the cookie.  <\/p>\n<p data-start=\"518\" data-end=\"1161\">We may use cookies to collect, store, and track information for statistical or marketing purposes, to ensure the proper functioning of our website. You have the option to accept or decline optional cookies. Some cookies, essential for the operation of our site, are mandatory and do not require your consent, as they are always active. Please note that by accepting the required cookies, you also agree to third-party cookies that may be used by services provided by third parties on our site, such as an embedded video from an external provider.   <\/p>\n<h4>License:<\/h4>\n<p data-start=\"74\" data-end=\"435\">Unless otherwise stated, K\u00e4banes Charlevoix and\/or its licensors own the intellectual property rights of all content on K\u00e4banes Charlevoix. All intellectual property rights are reserved. You may access this content from K\u00e4banes Charlevoix for your personal use, subject to the restrictions set out in these terms and conditions.  <\/p>\n<p data-start=\"437\" data-end=\"458\">You must not :<\/p>\n<ul data-start=\"459\" data-end=\"671\">\n<li data-start=\"459\" data-end=\"507\">\n<p data-start=\"461\" data-end=\"507\">Copy or republish the content of K\u00e4banes Charlevoix<\/p>\n<\/li>\n<li data-start=\"508\" data-end=\"568\">\n<p data-start=\"510\" data-end=\"568\">Sell, rent, or sublicense the content of K\u00e4banes Charlevoix<\/p>\n<\/li>\n<li data-start=\"569\" data-end=\"629\">\n<p data-start=\"571\" data-end=\"629\">Reproduce, duplicate, or copy the content of K\u00e4banes Charlevoix<\/p>\n<\/li>\n<li data-start=\"630\" data-end=\"671\">\n<p data-start=\"632\" data-end=\"671\">Redistribute the content of K\u00e4banes Charlevoix<\/p>\n<\/li>\n<\/ul>\n<p data-start=\"673\" data-end=\"733\">This agreement takes effect on the date of its publication.<\/p>\n<p data-start=\"735\" data-end=\"1385\">Certain parts of this site offer users the opportunity to post and exchange opinions and information in specific sections of the site. K\u00e4banes Charlevoix does not filter, edit, publish, or review comments prior to their posting. Comments do not reflect the views of K\u00e4banes Charlevoix, its agents, or affiliates. They solely reflect the views of the person who posts them. To the extent permitted by law, K\u00e4banes Charlevoix cannot be held responsible for comments or any liability, damage, or expense resulting from the use, publication, or appearance of these comments on the site.    <\/p>\n<p data-start=\"1387\" data-end=\"1557\">K\u00e4banes Charlevoix reserves the right to monitor all comments and to remove those deemed inappropriate, offensive, or in violation of these terms and conditions.<\/p>\n<p data-start=\"1559\" data-end=\"1595\">You warrant and represent that:<\/p>\n<ul data-start=\"1596\" data-end=\"2160\">\n<li data-start=\"1596\" data-end=\"1737\">\n<p data-start=\"1598\" data-end=\"1737\">You are authorized to post the comments on our site and possess all necessary licenses and consents to do so<\/p>\n<\/li>\n<li data-start=\"1738\" data-end=\"1898\">\n<p data-start=\"1740\" data-end=\"1898\">The comments do not violate any intellectual property rights, including, without limitation, the copyrights, patents, or trademarks of any third party;<\/p>\n<\/li>\n<li data-start=\"1899\" data-end=\"2048\">\n<p data-start=\"1901\" data-end=\"2048\">The comments do not contain any defamatory, abusive, offensive, obscene, or otherwise unlawful content, nor do they infringe on anyone\u2019s privacy;<\/p>\n<\/li>\n<li data-start=\"2049\" data-end=\"2160\">\n<p data-start=\"2051\" data-end=\"2160\">The comments will not be used to solicit or promote any commercial or illegal activity.<\/p>\n<\/li>\n<\/ul>\n<p data-start=\"2162\" data-end=\"2383\">You hereby grant K\u00e4banes Charlevoix a non-exclusive license to use, reproduce, modify, and authorize others to use, reproduce, and modify your comments in any form, format, or media.<\/p>\n<h4>Linking to our content:<\/h4>\n<p data-start=\"88\" data-end=\"195\">The following organizations may link to our website without prior written approval:<\/p>\n<ul data-start=\"196\" data-end=\"738\">\n<li data-start=\"196\" data-end=\"230\">\n<p data-start=\"198\" data-end=\"230\">Government agencies;<\/p>\n<\/li>\n<li data-start=\"231\" data-end=\"261\">\n<p data-start=\"233\" data-end=\"261\">Search engines;<\/p>\n<\/li>\n<li data-start=\"262\" data-end=\"295\">\n<p data-start=\"264\" data-end=\"295\">News organizations;<\/p>\n<\/li>\n<li data-start=\"296\" data-end=\"477\">\n<p data-start=\"298\" data-end=\"477\">Online directory distributors may link to our website in the same way they link to the websites of other listed businesses; and<\/p>\n<\/li>\n<li data-start=\"478\" data-end=\"738\">\n<p data-start=\"480\" data-end=\"738\">System-wide accredited businesses, except non-profit organizations soliciting donations, charity shopping centers, and charitable fundraising groups, which may not link to our site.<\/p>\n<\/li>\n<\/ul>\n<p data-start=\"740\" data-end=\"1133\">These organizations may link to our homepage, publications, or other information on our website as long as the link:<br data-start=\"885\" data-end=\"888\">(a) is in no way misleading<br data-start=\"921\" data-end=\"924\">(b) does not falsely imply sponsorship, endorsement, or approval by K\u00e4banes Charlevoix or its products\/services; and<br data-start=\"1056\" data-end=\"1059\">(c) is in the context of the linking organization\u2019s website.<\/p>\n<p data-start=\"1135\" data-end=\"1244\">We may review and approve other link requests from the following types of organizations:<\/p>\n<ul data-start=\"1245\" data-end=\"1616\">\n<li data-start=\"1245\" data-end=\"1321\">\n<p data-start=\"1247\" data-end=\"1321\">Well-known general and\/or professional information sources;<\/p>\n<\/li>\n<li data-start=\"1322\" data-end=\"1356\">\n<p data-start=\"1324\" data-end=\"1356\">.com community sites;<\/p>\n<\/li>\n<li data-start=\"1357\" data-end=\"1428\">\n<p data-start=\"1359\" data-end=\"1428\">Associations or other groups representing charities;<\/p>\n<\/li>\n<li data-start=\"1429\" data-end=\"1469\">\n<p data-start=\"1431\" data-end=\"1469\">Online directory distributors;<\/p>\n<\/li>\n<li data-start=\"1470\" data-end=\"1493\">\n<p data-start=\"1472\" data-end=\"1493\">Internet portals;<\/p>\n<\/li>\n<li data-start=\"1494\" data-end=\"1548\">\n<p data-start=\"1496\" data-end=\"1548\">Accounting, legal, and consulting firms; and<\/p>\n<\/li>\n<li data-start=\"1549\" data-end=\"1616\">\n<p data-start=\"1551\" data-end=\"1616\">Educational institutions and professional associations.<\/p>\n<\/li>\n<\/ul>\n<p data-start=\"1618\" data-end=\"2023\">We will approve link requests from these organizations if we determine that:<br data-start=\"1699\" data-end=\"1702\">(a) the link does not make us or our accredited businesses appear unfavorably;<br data-start=\"1803\" data-end=\"1806\">(b) the organization has no negative history with us;<br data-start=\"1865\" data-end=\"1868\">(c) the visibility provided by the link compensates for the absence of K\u00e4banes Charlevoix; and<br data-start=\"1943\" data-end=\"1946\">(d) the link is within the context of general resource information.<\/p>\n<p data-start=\"2025\" data-end=\"2364\">These organizations may link to our homepage as long as the link:<br data-start=\"2109\" data-end=\"2112\">(a) is in no way misleading<br data-start=\"2145\" data-end=\"2148\">(b) does not falsely imply sponsorship, endorsement, or support by the linking organization or its products or services; and<br data-start=\"2302\" data-end=\"2305\">(c) is in the context of the organization\u2019s website.<\/p>\n<p data-start=\"2366\" data-end=\"2833\">If you are part of the organizations listed above and wish to link to our site, you must notify us by email at K\u00e4banes Charlevoix. Please include your name, the name of your organization, your contact information, the URL of your website, a list of URLs from which you plan to link to our site, and a list of URLs on our site to which you wish to link. Please allow 2 to 3 weeks for a response.  <\/p>\n<p data-start=\"2835\" data-end=\"2932\">Approved organizations may link to our website in the following manner:<\/p>\n<ul data-start=\"2933\" data-end=\"3162\">\n<li data-start=\"2933\" data-end=\"2975\">\n<p data-start=\"2935\" data-end=\"2975\">By using our trade name; or<\/p>\n<\/li>\n<li data-start=\"2976\" data-end=\"3022\">\n<p data-start=\"2978\" data-end=\"3022\">By using the exact URL of the linked site; or<\/p>\n<\/li>\n<li data-start=\"3023\" data-end=\"3162\">\n<p data-start=\"3025\" data-end=\"3162\">By using any other description of our website that makes sense within the context and format of the linking site\u2019s content.<\/p>\n<\/li>\n<\/ul>\n<p data-start=\"3164\" data-end=\"3316\">The use of the K\u00e4banes Charlevoix logo or any other artwork is not permitted for linking purposes without a trademark license agreement.<\/p>\n<h4>Content Liability<\/h4>\n<p>We cannot be held responsible for any content appearing on your website. You agree to indemnify and defend us against any claims arising from your site. No link should appear on any website that could be interpreted as defamatory, obscene, or criminal, or that violates, infringes, or encourages the violation of any third party\u2019s rights.  <\/p>\n<p>&nbsp;<\/p>\n<h4>Reservation of Rights:<\/h4>\n<p>We reserve the right to request that you remove all links or any particular link to our website. You agree to immediately remove all links to our site upon request. We also reserve the right to amend these terms and conditions and our linking policy at any time. By continuing to link to our website, you agree to be bound by and comply with these terms.   <\/p>\n<p>&nbsp;<\/p>\n<h4>Removal of Links from Our Website:<\/h4>\n<p data-start=\"91\" data-end=\"402\">If you find a link on our website that you consider offensive for any reason, you are free to contact us and let us know at any time. We will review link removal requests, but we are not obliged to approve them or respond to you directly. <\/p>\n<p data-start=\"404\" data-end=\"655\">We do not guarantee that the information on this website is accurate. We do not ensure its completeness or correctness, and we do not promise that the site will remain available or that the content will be continuously updated <\/p>\n<p>&nbsp;<\/p>\n<h4>Disclaimer:<\/h4>\n<p data-start=\"65\" data-end=\"279\">To the maximum extent permitted by applicable law, we exclude all representations, warranties, and conditions relating to our website and your use of it. Nothing in this disclaimer shall: <\/p>\n<ul data-start=\"280\" data-end=\"731\">\n<li data-start=\"280\" data-end=\"379\">\n<p data-start=\"282\" data-end=\"379\">limit or exclude our liability or yours in the event of death or personal injury;<\/p>\n<\/li>\n<li data-start=\"380\" data-end=\"491\">\n<p data-start=\"382\" data-end=\"491\">limit or exclude our liability or yours in the event of fraud or fraudulent misrepresentation;<\/p>\n<\/li>\n<li data-start=\"492\" data-end=\"610\">\n<p data-start=\"494\" data-end=\"610\">limit any of our or your liabilities in a manner not permitted by applicable law; or<\/p>\n<\/li>\n<li data-start=\"611\" data-end=\"731\">\n<p data-start=\"613\" data-end=\"731\">exclude any of our or your liabilities that cannot be excluded under applicable law.<\/p>\n<\/li>\n<\/ul>\n<p data-start=\"733\" data-end=\"1065\">The limitations and prohibitions of liability set out in this section and elsewhere in this disclaimer: (a) are subject to the preceding paragraph; and (b) govern all liabilities arising under this disclaimer, including those arising in contract, tort, or breach of statutory duty.  <\/p>\n<p data-start=\"1067\" data-end=\"1268\">As long as the website and the information and services it contains are provided free of charge, we will not be held liable for any loss or damage of any kind.<\/p>\n<\/div>\n<p>[\/et_pb_text][\/et_pb_column][\/et_pb_row][\/et_pb_section]<\/p>\n","protected":false},"excerpt":{"rendered":"<p>Terms and Conditions Welcome to K\u00e4banes Charlevoix! These general terms and conditions define the rules and regulations governing the use of the K\u00e4banes Charlevoix website, accessible at kabanescharlevoix.com. By accessing this website, we consider that you accept these terms and conditions. Do not continue to use K\u00e4banes Charlevoix if you do not agree to all [&hellip;]<\/p>\n","protected":false},"author":1,"featured_media":0,"parent":0,"menu_order":14,"comment_status":"closed","ping_status":"closed","template":"","meta":{"_et_pb_use_builder":"on","_et_pb_old_content":"","_et_gb_content_width":"","inline_featured_image":false,"footnotes":""},"class_list":["post-2755","page","type-page","status-publish","hentry"],"yoast_head":"<!-- This site is optimized with the Yoast SEO Premium plugin v24.1 (Yoast SEO v26.6) - https:\/\/yoast.com\/wordpress\/plugins\/seo\/ -->\n<title>Terms and Conditions - K\u00e4banes Charlevoix<\/title>\n<meta name=\"description\" content=\"Location chalet Charlevoix offrant une exp\u00e9rience unique : Chalets luxueux, confort absolu et vues sur la nature et le fleuve. R\u00e9servez avec K\u00e4banes Charlevoix! \ud83c\udf3f\" \/>\n<meta name=\"robots\" content=\"index, follow, max-snippet:-1, max-image-preview:large, max-video-preview:-1\" \/>\n<link rel=\"canonical\" href=\"https:\/\/www.kabanescharlevoix.com\/en\/terms\/\" \/>\n<meta property=\"og:locale\" content=\"en_US\" \/>\n<meta property=\"og:type\" content=\"article\" \/>\n<meta property=\"og:title\" content=\"Terms and Conditions\" \/>\n<meta property=\"og:description\" content=\"Location chalets Charlevoix : chalets luxueux, confort absolu et vues sur le fleuve et la nature. Une exp\u00e9rience inoubliable avec un service impeccable. R\u00e9servez avec K\u00e4banes Charlevoix! \ud83c\udf3f\" \/>\n<meta property=\"og:url\" content=\"https:\/\/www.kabanescharlevoix.com\/en\/terms\/\" \/>\n<meta property=\"og:site_name\" content=\"K\u00e4banes Charlevoix\" \/>\n<meta property=\"article:publisher\" content=\"https:\/\/www.facebook.com\/people\/Kbanes-Gestion-locative\/61583068877551\/\" \/>\n<meta property=\"article:modified_time\" content=\"2026-01-05T22:52:45+00:00\" \/>\n<meta property=\"og:image\" content=\"https:\/\/www.kabanescharlevoix.com\/wp-content\/uploads\/sites\/92\/2025\/12\/officiel-scaled.jpg\" \/>\n\t<meta property=\"og:image:width\" content=\"2560\" \/>\n\t<meta property=\"og:image:height\" content=\"1920\" \/>\n\t<meta property=\"og:image:type\" content=\"image\/jpeg\" \/>\n<meta name=\"twitter:card\" content=\"summary_large_image\" \/>\n<meta name=\"twitter:label1\" content=\"Est. reading time\" \/>\n\t<meta name=\"twitter:data1\" content=\"8 minutes\" \/>\n<script type=\"application\/ld+json\" class=\"yoast-schema-graph\">{\"@context\":\"https:\/\/schema.org\",\"@graph\":[{\"@type\":\"WebPage\",\"@id\":\"https:\/\/www.kabanescharlevoix.com\/en\/terms\/\",\"url\":\"https:\/\/www.kabanescharlevoix.com\/en\/terms\/\",\"name\":\"Terms and Conditions - K\u00e4banes Charlevoix\",\"isPartOf\":{\"@id\":\"https:\/\/www.kabanescharlevoix.com\/en\/#website\"},\"datePublished\":\"2022-09-26T14:51:22+00:00\",\"dateModified\":\"2026-01-05T22:52:45+00:00\",\"description\":\"Location chalet Charlevoix offrant une exp\u00e9rience unique : Chalets luxueux, confort absolu et vues sur la nature et le fleuve. R\u00e9servez avec K\u00e4banes Charlevoix! \ud83c\udf3f\",\"breadcrumb\":{\"@id\":\"https:\/\/www.kabanescharlevoix.com\/en\/terms\/#breadcrumb\"},\"inLanguage\":\"en-US\",\"potentialAction\":[{\"@type\":\"ReadAction\",\"target\":[\"https:\/\/www.kabanescharlevoix.com\/en\/terms\/\"]}]},{\"@type\":\"BreadcrumbList\",\"@id\":\"https:\/\/www.kabanescharlevoix.com\/en\/terms\/#breadcrumb\",\"itemListElement\":[{\"@type\":\"ListItem\",\"position\":1,\"name\":\"Home\",\"item\":\"https:\/\/www.kabanescharlevoix.com\/en\/home\/\"},{\"@type\":\"ListItem\",\"position\":2,\"name\":\"Terms and Conditions\"}]},{\"@type\":\"WebSite\",\"@id\":\"https:\/\/www.kabanescharlevoix.com\/en\/#website\",\"url\":\"https:\/\/www.kabanescharlevoix.com\/en\/\",\"name\":\"K\u00e4banes Charlevoix\",\"description\":\"Une exp\u00e9rience qui se d\u00e9marque\",\"publisher\":{\"@id\":\"https:\/\/www.kabanescharlevoix.com\/en\/#organization\"},\"potentialAction\":[{\"@type\":\"SearchAction\",\"target\":{\"@type\":\"EntryPoint\",\"urlTemplate\":\"https:\/\/www.kabanescharlevoix.com\/en\/?s={search_term_string}\"},\"query-input\":{\"@type\":\"PropertyValueSpecification\",\"valueRequired\":true,\"valueName\":\"search_term_string\"}}],\"inLanguage\":\"en-US\"},{\"@type\":\"Organization\",\"@id\":\"https:\/\/www.kabanescharlevoix.com\/en\/#organization\",\"name\":\"K\u00e4banes Charlevoix\",\"url\":\"https:\/\/www.kabanescharlevoix.com\/en\/\",\"logo\":{\"@type\":\"ImageObject\",\"inLanguage\":\"en-US\",\"@id\":\"https:\/\/www.kabanescharlevoix.com\/en\/#\/schema\/logo\/image\/\",\"url\":\"https:\/\/www.kabanescharlevoix.com\/wp-content\/uploads\/sites\/92\/2025\/11\/officiel-gf-transp.png\",\"contentUrl\":\"https:\/\/www.kabanescharlevoix.com\/wp-content\/uploads\/sites\/92\/2025\/11\/officiel-gf-transp.png\",\"width\":6250,\"height\":2500,\"caption\":\"K\u00e4banes Charlevoix\"},\"image\":{\"@id\":\"https:\/\/www.kabanescharlevoix.com\/en\/#\/schema\/logo\/image\/\"},\"sameAs\":[\"https:\/\/www.facebook.com\/people\/Kbanes-Gestion-locative\/61583068877551\/\",\"https:\/\/www.instagram.com\/kabanescharlevoix\/\"]}]}<\/script>\n<!-- \/ Yoast SEO Premium plugin. -->","yoast_head_json":{"title":"Terms and Conditions - K\u00e4banes Charlevoix","description":"Location chalet Charlevoix offrant une exp\u00e9rience unique : Chalets luxueux, confort absolu et vues sur la nature et le fleuve. R\u00e9servez avec K\u00e4banes Charlevoix! \ud83c\udf3f","robots":{"index":"index","follow":"follow","max-snippet":"max-snippet:-1","max-image-preview":"max-image-preview:large","max-video-preview":"max-video-preview:-1"},"canonical":"https:\/\/www.kabanescharlevoix.com\/en\/terms\/","og_locale":"en_US","og_type":"article","og_title":"Terms and Conditions","og_description":"Location chalets Charlevoix : chalets luxueux, confort absolu et vues sur le fleuve et la nature. Une exp\u00e9rience inoubliable avec un service impeccable. R\u00e9servez avec K\u00e4banes Charlevoix! \ud83c\udf3f","og_url":"https:\/\/www.kabanescharlevoix.com\/en\/terms\/","og_site_name":"K\u00e4banes Charlevoix","article_publisher":"https:\/\/www.facebook.com\/people\/Kbanes-Gestion-locative\/61583068877551\/","article_modified_time":"2026-01-05T22:52:45+00:00","og_image":[{"width":2560,"height":1920,"url":"https:\/\/www.kabanescharlevoix.com\/wp-content\/uploads\/sites\/92\/2025\/12\/officiel-scaled.jpg","type":"image\/jpeg"}],"twitter_card":"summary_large_image","twitter_misc":{"Est. reading time":"8 minutes"},"schema":{"@context":"https:\/\/schema.org","@graph":[{"@type":"WebPage","@id":"https:\/\/www.kabanescharlevoix.com\/en\/terms\/","url":"https:\/\/www.kabanescharlevoix.com\/en\/terms\/","name":"Terms and Conditions - K\u00e4banes Charlevoix","isPartOf":{"@id":"https:\/\/www.kabanescharlevoix.com\/en\/#website"},"datePublished":"2022-09-26T14:51:22+00:00","dateModified":"2026-01-05T22:52:45+00:00","description":"Location chalet Charlevoix offrant une exp\u00e9rience unique : Chalets luxueux, confort absolu et vues sur la nature et le fleuve. R\u00e9servez avec K\u00e4banes Charlevoix! \ud83c\udf3f","breadcrumb":{"@id":"https:\/\/www.kabanescharlevoix.com\/en\/terms\/#breadcrumb"},"inLanguage":"en-US","potentialAction":[{"@type":"ReadAction","target":["https:\/\/www.kabanescharlevoix.com\/en\/terms\/"]}]},{"@type":"BreadcrumbList","@id":"https:\/\/www.kabanescharlevoix.com\/en\/terms\/#breadcrumb","itemListElement":[{"@type":"ListItem","position":1,"name":"Home","item":"https:\/\/www.kabanescharlevoix.com\/en\/home\/"},{"@type":"ListItem","position":2,"name":"Terms and Conditions"}]},{"@type":"WebSite","@id":"https:\/\/www.kabanescharlevoix.com\/en\/#website","url":"https:\/\/www.kabanescharlevoix.com\/en\/","name":"K\u00e4banes Charlevoix","description":"Une exp\u00e9rience qui se d\u00e9marque","publisher":{"@id":"https:\/\/www.kabanescharlevoix.com\/en\/#organization"},"potentialAction":[{"@type":"SearchAction","target":{"@type":"EntryPoint","urlTemplate":"https:\/\/www.kabanescharlevoix.com\/en\/?s={search_term_string}"},"query-input":{"@type":"PropertyValueSpecification","valueRequired":true,"valueName":"search_term_string"}}],"inLanguage":"en-US"},{"@type":"Organization","@id":"https:\/\/www.kabanescharlevoix.com\/en\/#organization","name":"K\u00e4banes Charlevoix","url":"https:\/\/www.kabanescharlevoix.com\/en\/","logo":{"@type":"ImageObject","inLanguage":"en-US","@id":"https:\/\/www.kabanescharlevoix.com\/en\/#\/schema\/logo\/image\/","url":"https:\/\/www.kabanescharlevoix.com\/wp-content\/uploads\/sites\/92\/2025\/11\/officiel-gf-transp.png","contentUrl":"https:\/\/www.kabanescharlevoix.com\/wp-content\/uploads\/sites\/92\/2025\/11\/officiel-gf-transp.png","width":6250,"height":2500,"caption":"K\u00e4banes Charlevoix"},"image":{"@id":"https:\/\/www.kabanescharlevoix.com\/en\/#\/schema\/logo\/image\/"},"sameAs":["https:\/\/www.facebook.com\/people\/Kbanes-Gestion-locative\/61583068877551\/","https:\/\/www.instagram.com\/kabanescharlevoix\/"]}]}},"_links":{"self":[{"href":"https:\/\/www.kabanescharlevoix.com\/en\/wp-json\/wp\/v2\/pages\/2755","targetHints":{"allow":["GET"]}}],"collection":[{"href":"https:\/\/www.kabanescharlevoix.com\/en\/wp-json\/wp\/v2\/pages"}],"about":[{"href":"https:\/\/www.kabanescharlevoix.com\/en\/wp-json\/wp\/v2\/types\/page"}],"author":[{"embeddable":true,"href":"https:\/\/www.kabanescharlevoix.com\/en\/wp-json\/wp\/v2\/users\/1"}],"replies":[{"embeddable":true,"href":"https:\/\/www.kabanescharlevoix.com\/en\/wp-json\/wp\/v2\/comments?post=2755"}],"version-history":[{"count":6,"href":"https:\/\/www.kabanescharlevoix.com\/en\/wp-json\/wp\/v2\/pages\/2755\/revisions"}],"predecessor-version":[{"id":2935,"href":"https:\/\/www.kabanescharlevoix.com\/en\/wp-json\/wp\/v2\/pages\/2755\/revisions\/2935"}],"wp:attachment":[{"href":"https:\/\/www.kabanescharlevoix.com\/en\/wp-json\/wp\/v2\/media?parent=2755"}],"curies":[{"name":"wp","href":"https:\/\/api.w.org\/{rel}","templated":true}]}}