{"id":2758,"date":"2022-09-26T15:51:22","date_gmt":"2022-09-26T14:51:22","guid":{"rendered":"https:\/\/www.kabanescharlevoix.com\/privacy\/"},"modified":"2026-01-05T22:58:06","modified_gmt":"2026-01-05T22:58:06","slug":"privacy","status":"publish","type":"page","link":"https:\/\/www.kabanescharlevoix.com\/en\/privacy\/","title":{"rendered":"Privacy Policy"},"content":{"rendered":"<p>[et_pb_section fb_built=&#8221;1&#8243; fullwidth=&#8221;on&#8221; _builder_version=&#8221;4.18.0&#8243; _module_preset=&#8221;default&#8221; global_colors_info=&#8221;{}&#8221; theme_builder_area=&#8221;post_content&#8221;][et_pb_fullwidth_header title=&#8221;Privacy Policy&#8221; text_orientation=&#8221;center&#8221; _builder_version=&#8221;4.18.0&#8243; _module_preset=&#8221;default&#8221; title_font=&#8221;|700|||||||&#8221; title_font_size=&#8221;45px&#8221; background_color=&#8221;#f7f7f7&#8243; background_enable_image=&#8221;off&#8221; background_layout=&#8221;light&#8221; custom_padding=&#8221;70px||0px||false|false&#8221; custom_padding_tablet=&#8221;75px||75px||true|false&#8221; custom_padding_phone=&#8221;50px||50px||true|true&#8221; custom_padding_last_edited=&#8221;on|phone&#8221; title_font_size_tablet=&#8221;50px&#8221; title_font_size_phone=&#8221;35px&#8221; title_font_size_last_edited=&#8221;on|tablet&#8221; subhead_font_size_tablet=&#8221;16px&#8221; subhead_font_size_phone=&#8221;16px&#8221; subhead_font_size_last_edited=&#8221;on|desktop&#8221; global_colors_info=&#8221;{}&#8221; header_font_size_tablet=&#8221;50px&#8221; header_font_size_phone=&#8221;35px&#8221; header_font_size_last_edited=&#8221;on|phone&#8221; theme_builder_area=&#8221;post_content&#8221;][\/et_pb_fullwidth_header][\/et_pb_section][et_pb_section fb_built=&#8221;1&#8243; custom_padding_last_edited=&#8221;on|phone&#8221; _builder_version=&#8221;4.18.0&#8243; _module_preset=&#8221;default&#8221; background_color=&#8221;#f7f7f7&#8243; use_background_color_gradient=&#8221;on&#8221; background_color_gradient_direction=&#8221;360deg&#8221; background_color_gradient_stops=&#8221;#ffffff 0%|#f7f7f7 100%&#8221; custom_padding=&#8221;40px||||false|false&#8221; custom_padding_tablet=&#8221;0px||||false|false&#8221; custom_padding_phone=&#8221;0px||||false|false&#8221; global_colors_info=&#8221;{}&#8221; theme_builder_area=&#8221;post_content&#8221;][et_pb_row _builder_version=&#8221;4.27.4&#8243; _module_preset=&#8221;default&#8221; width=&#8221;50%&#8221; width_tablet=&#8221;80%&#8221; width_phone=&#8221;80%&#8221; width_last_edited=&#8221;on|phone&#8221; custom_padding=&#8221;0px||0px||false|false&#8221; hover_enabled=&#8221;0&#8243; global_colors_info=&#8221;{}&#8221; theme_builder_area=&#8221;post_content&#8221; sticky_enabled=&#8221;0&#8243;][et_pb_column type=&#8221;4_4&#8243; _builder_version=&#8221;4.18.0&#8243; _module_preset=&#8221;default&#8221; global_colors_info=&#8221;{}&#8221; theme_builder_area=&#8221;post_content&#8221;][et_pb_code _builder_version=&#8221;4.27.4&#8243; _module_preset=&#8221;default&#8221; hover_enabled=&#8221;0&#8243; global_colors_info=&#8221;{}&#8221; theme_builder_area=&#8221;post_content&#8221; sticky_enabled=&#8221;0&#8243;]<\/p>\n<h1 class=\"privacy-policy-h1\">Privacy Policy<!-- [et_pb_line_break_holder] --><!\u2013- [et_pb_br_holder] -\u2013><span>Last updated 16-Dec-2025<\/span><!-- [et_pb_line_break_holder] --><!\u2013- [et_pb_br_holder] -\u2013><span>Effective date 16-Dec-2025<\/span><!-- [et_pb_line_break_holder] --><\/h1>\n<p><!-- [et_pb_line_break_holder] --><!-- [et_pb_line_break_holder] --><pee class=\"privacy-policy-p\"><!-- [et_pb_line_break_holder] --> This privacy policy describes the policies of<!-- [et_pb_line_break_holder] --><!-- [et_pb_line_break_holder] --> Kabanes Charlevoix,<!-- [et_pb_line_break_holder] --> 50 Chemin de la Seigneurie,<!-- [et_pb_line_break_holder] --> Qu\u00e9bec<!-- [et_pb_line_break_holder] --> G0A 2M0,<!-- [et_pb_line_break_holder] --> Canada,<!-- [et_pb_line_break_holder] --> Courriel: gestionmlx@outlook.com,<!-- [et_pb_line_break_holder] --> T\u00e9l\u00e9phone: 4188064756<!-- [et_pb_line_break_holder] --><!-- [et_pb_line_break_holder] --> regarding the collection, use, and disclosure of your information that we collect when you use our website (https:\/\/www.kabanescharlevoix.com) <!-- [et_pb_line_break_holder] --> (the \u201cService\u201d). By accessing or using the Service, you consent to the collection, use, and disclosure of your information in accordance with this Privacy Policy. If you do not agree, please do not access or use the Service.  <!-- [et_pb_line_break_holder] --><\/pee><!-- [et_pb_line_break_holder] --><!-- [et_pb_line_break_holder] --><pee class=\"privacy-policy-p\"><!-- [et_pb_line_break_holder] --> We may modify this Privacy Policy at any time without prior notice. The revised version will be posted on the Service. The revised policy will take effect 180 days after its posting on the Service, and your continued access to or use of the Service after this period will constitute your acceptance of the revised Privacy Policy. We therefore recommend that you review this page periodically.   <!-- [et_pb_line_break_holder] --><\/pee><!-- [et_pb_line_break_holder] --><!-- [et_pb_line_break_holder] --><\/p>\n<ol class=\"privacy-policy-ol\"><!-- [et_pb_line_break_holder] -->        <\/p>\n<li><!-- [et_pb_line_break_holder] --><br \/>\n<h2 class=\"privacy-policy-h2\"><!-- [et_pb_line_break_holder] --> Informations We Collect:<!-- [et_pb_line_break_holder] -->        <\/h2>\n<p><!-- [et_pb_line_break_holder] --><!-- [et_pb_line_break_holder] -->        <!-- [et_pb_line_break_holder] -->        <pee class=\"privacy-policy-p\"><!-- [et_pb_line_break_holder] --> We will collect and process the following personal information about you:<!-- [et_pb_line_break_holder] -->        <\/pee><!-- [et_pb_line_break_holder] -->        <\/p>\n<ol class=\"privacy-policy-ol\"><!-- [et_pb_line_break_holder] --><!-- [et_pb_line_break_holder] -->                        <\/p>\n<li>Name<\/li>\n<p><!-- [et_pb_line_break_holder] -->            <!-- [et_pb_line_break_holder] -->                        <\/p>\n<li>Email<\/li>\n<p><!-- [et_pb_line_break_holder] -->            <!-- [et_pb_line_break_holder] -->                        <\/p>\n<li>Telephone<\/li>\n<p><!-- [et_pb_line_break_holder] -->            <!-- [et_pb_line_break_holder] -->            <!-- [et_pb_line_break_holder] -->            <!-- [et_pb_line_break_holder] -->                        <\/p>\n<li>Address<\/li>\n<p><!-- [et_pb_line_break_holder] -->            <!-- [et_pb_line_break_holder] -->            <!-- [et_pb_line_break_holder] -->                        <\/p>\n<li>Payment informations<\/li>\n<p><!-- [et_pb_line_break_holder] -->                        <!-- [et_pb_line_break_holder] -->                                    <\/p>\n<li>Postal Code and Country<\/li>\n<p><!-- [et_pb_line_break_holder] -->                        <!-- [et_pb_line_break_holder] -->        <\/ol>\n<p><!-- [et_pb_line_break_holder] -->        <!-- [et_pb_line_break_holder] --><!-- [et_pb_line_break_holder] -->        <!-- [et_pb_line_break_holder] --><!-- [et_pb_line_break_holder] -->    <\/li>\n<p><!-- [et_pb_line_break_holder] --><!-- [et_pb_line_break_holder] -->    <!-- [et_pb_line_break_holder] -->    <!-- [et_pb_line_break_holder] --><!-- [et_pb_line_break_holder] -->        <\/p>\n<li><!-- [et_pb_line_break_holder] --><br \/>\n<h2 class=\"privacy-policy-h2\"><!-- [et_pb_line_break_holder] --> How We Use Your Informations:<!-- [et_pb_line_break_holder] -->        <\/h2>\n<p><!-- [et_pb_line_break_holder] -->        <pee class=\"privacy-policy-p\"><!-- [et_pb_line_break_holder] --> We will use the information we collect about you for the following purposes:<!-- [et_pb_line_break_holder] -->        <\/pee><!-- [et_pb_line_break_holder] -->        <\/p>\n<ol class=\"privacy-policy-ol\"><!-- [et_pb_line_break_holder] --><!-- [et_pb_line_break_holder] -->                        <\/p>\n<li>Marketing\/ Promotional<\/li>\n<p><!-- [et_pb_line_break_holder] -->            <!-- [et_pb_line_break_holder] -->            <!-- [et_pb_line_break_holder] -->                        <\/p>\n<li>Testimonials<\/li>\n<p><!-- [et_pb_line_break_holder] -->            <!-- [et_pb_line_break_holder] -->            <!-- [et_pb_line_break_holder] -->            <!-- [et_pb_line_break_holder] -->                        <\/p>\n<li>Payment Processing<\/li>\n<p><!-- [et_pb_line_break_holder] -->            <!-- [et_pb_line_break_holder] -->            <!-- [et_pb_line_break_holder] -->            <!-- [et_pb_line_break_holder] -->            <!-- [et_pb_line_break_holder] -->            <!-- [et_pb_line_break_holder] -->                        <\/p>\n<li>Site Protection<\/li>\n<p><!-- [et_pb_line_break_holder] -->            <!-- [et_pb_line_break_holder] -->            <!-- [et_pb_line_break_holder] -->            <!-- [et_pb_line_break_holder] -->            <!-- [et_pb_line_break_holder] -->        <\/ol>\n<p><!-- [et_pb_line_break_holder] -->        <pee class=\"privacy-policy-p\"><!-- [et_pb_line_break_holder] --> If we wish to use your information for any other purpose, we will request your consent and will only use your information after obtaining it, and solely for the purposes for which you have given your consent, unless the law requires us to act otherwise.<!-- [et_pb_line_break_holder] -->        <\/pee><!-- [et_pb_line_break_holder] -->    <\/li>\n<p><!-- [et_pb_line_break_holder] -->    <!-- [et_pb_line_break_holder] -->    <!-- [et_pb_line_break_holder] --><!-- [et_pb_line_break_holder] -->        <\/p>\n<li><!-- [et_pb_line_break_holder] --><br \/>\n<h2 class=\"privacy-policy-h2\"><!-- [et_pb_line_break_holder] --> Retention of Your Information:<!-- [et_pb_line_break_holder] -->        <\/h2>\n<p><!-- [et_pb_line_break_holder] -->        <pee class=\"privacy-policy-p\"><!-- [et_pb_line_break_holder] --> We will retain your personal information for a period of 90 days to 2 years after the closure of your account, or for as long as necessary to achieve the purposes for which it was collected, as detailed in this Privacy Policy. We may need to retain certain information for longer periods, for example, for record-keeping or reporting purposes in accordance with applicable law, or for other legitimate reasons such as protecting our legal rights, preventing fraud, etc. Residual anonymous and aggregated information, which does not allow you to be directly or indirectly identified, may be retained indefinitely.  <!-- [et_pb_line_break_holder] -->        <\/pee><!-- [et_pb_line_break_holder] -->    <\/li>\n<p><!-- [et_pb_line_break_holder] -->    <!-- [et_pb_line_break_holder] -->    <\/p>\n<li><!-- [et_pb_line_break_holder] --><br \/>\n<h2 class=\"privacy-policy-h2\"><!-- [et_pb_line_break_holder] --> Your Rights:<!-- [et_pb_line_break_holder] -->        <\/h2>\n<p><!-- [et_pb_line_break_holder] -->        <pee class=\"privacy-policy-p\"><!-- [et_pb_line_break_holder] --> Depending on applicable law, you may have the right to access your personal data, correct or delete it, receive a copy of your personal data, restrict or object to the active processing of your data, request that we transfer (port) your personal information to another entity, withdraw any consent you have provided for the processing of your data, file a complaint with a competent authority, and exercise other rights provided under applicable laws. To exercise these rights, you may contact us at the following address: gestionmlx@outlook.com<!-- [et_pb_line_break_holder] -->. We will respond to your request in accordance with applicable law.<!-- [et_pb_line_break_holder] -->        <\/pee><!-- [et_pb_line_break_holder] --><!-- [et_pb_line_break_holder] -->        <!-- [et_pb_line_break_holder] -->        <pee class=\"privacy-policy-p\"><!-- [et_pb_line_break_holder] --> Please note that if you do not allow us to collect or process the required personal information, or if you withdraw your consent for its processing for necessary purposes, you may not be able to access or use the services for which your information was requested.<!-- [et_pb_line_break_holder] -->        <\/pee><!-- [et_pb_line_break_holder] -->    <\/li>\n<p><!-- [et_pb_line_break_holder] -->        <\/p>\n<li><!-- [et_pb_line_break_holder] --><br \/>\n<h2 class=\"privacy-policy-h2\"><!-- [et_pb_line_break_holder] --> Cookies Etc.<!-- [et_pb_line_break_holder] -->        <\/h2>\n<p><!-- [et_pb_line_break_holder] -->        <pee class=\"privacy-policy-p\"><!-- [et_pb_line_break_holder] --><!-- [et_pb_line_break_holder] -->            <!-- [et_pb_line_break_holder] --> To learn more about how we use these tracking technologies and your choices regarding them, please see our <!-- [et_pb_line_break_holder] --><a href=\"https:\/\/www.kabanescharlevoix.com\/en\/\">Cookie Policy.<\/a><!-- [et_pb_line_break_holder] -->        <\/pee><!-- [et_pb_line_break_holder] -->    <\/li>\n<p><!-- [et_pb_line_break_holder] -->    <!-- [et_pb_line_break_holder] -->    <\/p>\n<li><!-- [et_pb_line_break_holder] --><br \/>\n<h2 class=\"privacy-policy-h2\"><!-- [et_pb_line_break_holder] --> Security:<!-- [et_pb_line_break_holder] -->        <\/h2>\n<p><!-- [et_pb_line_break_holder] -->        <pee class=\"privacy-policy-p\"><!-- [et_pb_line_break_holder] --> The security of your information is important to us, and we implement reasonable security measures to prevent the loss, misuse, or unauthorized alteration of information under our control. However, given the inherent risks, we cannot guarantee absolute security and therefore cannot ensure or warrant the security of any information you transmit to us. Any transmission of information is done at your own risk.<!-- [et_pb_line_break_holder] -->        <\/pee><!-- [et_pb_line_break_holder] -->    <\/li>\n<p><!-- [et_pb_line_break_holder] --><!-- [et_pb_line_break_holder] -->        <\/p>\n<li><!-- [et_pb_line_break_holder] --><br \/>\n<h2 class=\"privacy-policy-h2\"><!-- [et_pb_line_break_holder] --> Third-Party Links and Use of Your Information:<!-- [et_pb_line_break_holder] -->        <\/h2>\n<p><!-- [et_pb_line_break_holder] -->        <pee class=\"privacy-policy-p\"><!-- [et_pb_line_break_holder] --> Our Service may contain links to other websites that are not operated by us. This Privacy Policy does not apply to the privacy practices or other practices of third parties, including those operating websites or services accessible through links on the Service. We strongly recommend that you review the privacy policy of every website you visit. We have no control over, and assume no responsibility for, the content, privacy policies, or practices of any third-party websites or services.<!-- [et_pb_line_break_holder] -->        <\/pee><!-- [et_pb_line_break_holder] -->    <\/li>\n<p><!-- [et_pb_line_break_holder] -->    <!-- [et_pb_line_break_holder] -->    <\/p>\n<li><!-- [et_pb_line_break_holder] --><br \/>\n<h2 class=\"privacy-policy-h2\"><!-- [et_pb_line_break_holder] --> Complaints \/ Data Protection Officer:<!-- [et_pb_line_break_holder] -->        <\/h2>\n<p><!-- [et_pb_line_break_holder] -->        <pee class=\"privacy-policy-p\"><!-- [et_pb_line_break_holder] --> If you have any questions or concerns regarding the processing of your information that we hold, you may contact our Complaints Officer at the following address:<!-- [et_pb_line_break_holder] --><!-- [et_pb_line_break_holder] -->Gestion MLX Inc.<!-- [et_pb_line_break_holder] -->50 Chemin de la Seigneurie<!-- [et_pb_line_break_holder] -->Email : gestionmlx@outlook.com<!-- [et_pb_line_break_holder] --><!-- [et_pb_line_break_holder] -->We will address your concerns in accordance with applicable law<!-- [et_pb_line_break_holder] -->        <\/pee><!-- [et_pb_line_break_holder] -->    <\/li>\n<p><!-- [et_pb_line_break_holder] --><\/ol>\n<p><!-- [et_pb_line_break_holder] --><pee class=\"privacy-policy-p\"><!-- [et_pb_line_break_holder] --> Privacy Policy generated with <a target=\"_blank\" href=\"https:\/\/www.cookieyes.com\/?utm_source=PP&amp;utm_medium=footer&amp;utm_campaign=UW\">CookieYes<\/a>.<!-- [et_pb_line_break_holder] --><\/pee>[\/et_pb_code][\/et_pb_column][\/et_pb_row][\/et_pb_section]<\/p>\n","protected":false},"excerpt":{"rendered":"","protected":false},"author":1,"featured_media":0,"parent":0,"menu_order":15,"comment_status":"closed","ping_status":"closed","template":"","meta":{"_et_pb_use_builder":"on","_et_pb_old_content":"","_et_gb_content_width":"","inline_featured_image":false,"footnotes":""},"class_list":["post-2758","page","type-page","status-publish","hentry"],"yoast_head":"<!-- This site is optimized with the Yoast SEO Premium plugin v24.1 (Yoast SEO v26.6) - https:\/\/yoast.com\/wordpress\/plugins\/seo\/ -->\n<title>Privacy Policy - K\u00e4banes Charlevoix<\/title>\n<meta name=\"description\" content=\"Location chalet Charlevoix offrant une exp\u00e9rience unique : Chalets luxueux, confort absolu et vues sur la nature et le fleuve. R\u00e9servez avec K\u00e4banes Charlevoix! \ud83c\udf3f\" \/>\n<meta name=\"robots\" content=\"index, follow, max-snippet:-1, max-image-preview:large, max-video-preview:-1\" \/>\n<link rel=\"canonical\" href=\"https:\/\/www.kabanescharlevoix.com\/en\/privacy\/\" \/>\n<meta property=\"og:locale\" content=\"en_US\" \/>\n<meta property=\"og:type\" content=\"article\" \/>\n<meta property=\"og:title\" content=\"Privacy Policy\" \/>\n<meta property=\"og:description\" content=\"Location chalets Charlevoix : chalets luxueux, confort absolu et vues sur le fleuve et la nature. Une exp\u00e9rience inoubliable avec un service impeccable. R\u00e9servez avec K\u00e4banes Charlevoix! \ud83c\udf3f\" \/>\n<meta property=\"og:url\" content=\"https:\/\/www.kabanescharlevoix.com\/en\/privacy\/\" \/>\n<meta property=\"og:site_name\" content=\"K\u00e4banes Charlevoix\" \/>\n<meta property=\"article:publisher\" content=\"https:\/\/www.facebook.com\/people\/Kbanes-Gestion-locative\/61583068877551\/\" \/>\n<meta property=\"article:modified_time\" content=\"2026-01-05T22:58:06+00:00\" \/>\n<meta property=\"og:image\" content=\"https:\/\/www.kabanescharlevoix.com\/wp-content\/uploads\/sites\/92\/2025\/12\/officiel-scaled.jpg\" \/>\n\t<meta property=\"og:image:width\" content=\"2560\" \/>\n\t<meta property=\"og:image:height\" content=\"1920\" \/>\n\t<meta property=\"og:image:type\" content=\"image\/jpeg\" \/>\n<meta name=\"twitter:card\" content=\"summary_large_image\" \/>\n<meta name=\"twitter:label1\" content=\"Est. reading time\" \/>\n\t<meta name=\"twitter:data1\" content=\"5 minutes\" \/>\n<script type=\"application\/ld+json\" class=\"yoast-schema-graph\">{\"@context\":\"https:\/\/schema.org\",\"@graph\":[{\"@type\":\"WebPage\",\"@id\":\"https:\/\/www.kabanescharlevoix.com\/en\/privacy\/\",\"url\":\"https:\/\/www.kabanescharlevoix.com\/en\/privacy\/\",\"name\":\"Privacy Policy - K\u00e4banes Charlevoix\",\"isPartOf\":{\"@id\":\"https:\/\/www.kabanescharlevoix.com\/en\/#website\"},\"datePublished\":\"2022-09-26T14:51:22+00:00\",\"dateModified\":\"2026-01-05T22:58:06+00:00\",\"description\":\"Location chalet Charlevoix offrant une exp\u00e9rience unique : Chalets luxueux, confort absolu et vues sur la nature et le fleuve. R\u00e9servez avec K\u00e4banes Charlevoix! \ud83c\udf3f\",\"breadcrumb\":{\"@id\":\"https:\/\/www.kabanescharlevoix.com\/en\/privacy\/#breadcrumb\"},\"inLanguage\":\"en-US\",\"potentialAction\":[{\"@type\":\"ReadAction\",\"target\":[\"https:\/\/www.kabanescharlevoix.com\/en\/privacy\/\"]}]},{\"@type\":\"BreadcrumbList\",\"@id\":\"https:\/\/www.kabanescharlevoix.com\/en\/privacy\/#breadcrumb\",\"itemListElement\":[{\"@type\":\"ListItem\",\"position\":1,\"name\":\"Home\",\"item\":\"https:\/\/www.kabanescharlevoix.com\/en\/home\/\"},{\"@type\":\"ListItem\",\"position\":2,\"name\":\"Privacy Policy\"}]},{\"@type\":\"WebSite\",\"@id\":\"https:\/\/www.kabanescharlevoix.com\/en\/#website\",\"url\":\"https:\/\/www.kabanescharlevoix.com\/en\/\",\"name\":\"K\u00e4banes Charlevoix\",\"description\":\"Une exp\u00e9rience qui se d\u00e9marque\",\"publisher\":{\"@id\":\"https:\/\/www.kabanescharlevoix.com\/en\/#organization\"},\"potentialAction\":[{\"@type\":\"SearchAction\",\"target\":{\"@type\":\"EntryPoint\",\"urlTemplate\":\"https:\/\/www.kabanescharlevoix.com\/en\/?s={search_term_string}\"},\"query-input\":{\"@type\":\"PropertyValueSpecification\",\"valueRequired\":true,\"valueName\":\"search_term_string\"}}],\"inLanguage\":\"en-US\"},{\"@type\":\"Organization\",\"@id\":\"https:\/\/www.kabanescharlevoix.com\/en\/#organization\",\"name\":\"K\u00e4banes Charlevoix\",\"url\":\"https:\/\/www.kabanescharlevoix.com\/en\/\",\"logo\":{\"@type\":\"ImageObject\",\"inLanguage\":\"en-US\",\"@id\":\"https:\/\/www.kabanescharlevoix.com\/en\/#\/schema\/logo\/image\/\",\"url\":\"https:\/\/www.kabanescharlevoix.com\/wp-content\/uploads\/sites\/92\/2025\/11\/officiel-gf-transp.png\",\"contentUrl\":\"https:\/\/www.kabanescharlevoix.com\/wp-content\/uploads\/sites\/92\/2025\/11\/officiel-gf-transp.png\",\"width\":6250,\"height\":2500,\"caption\":\"K\u00e4banes Charlevoix\"},\"image\":{\"@id\":\"https:\/\/www.kabanescharlevoix.com\/en\/#\/schema\/logo\/image\/\"},\"sameAs\":[\"https:\/\/www.facebook.com\/people\/Kbanes-Gestion-locative\/61583068877551\/\",\"https:\/\/www.instagram.com\/kabanescharlevoix\/\"]}]}<\/script>\n<!-- \/ Yoast SEO Premium plugin. -->","yoast_head_json":{"title":"Privacy Policy - K\u00e4banes Charlevoix","description":"Location chalet Charlevoix offrant une exp\u00e9rience unique : Chalets luxueux, confort absolu et vues sur la nature et le fleuve. R\u00e9servez avec K\u00e4banes Charlevoix! \ud83c\udf3f","robots":{"index":"index","follow":"follow","max-snippet":"max-snippet:-1","max-image-preview":"max-image-preview:large","max-video-preview":"max-video-preview:-1"},"canonical":"https:\/\/www.kabanescharlevoix.com\/en\/privacy\/","og_locale":"en_US","og_type":"article","og_title":"Privacy Policy","og_description":"Location chalets Charlevoix : chalets luxueux, confort absolu et vues sur le fleuve et la nature. Une exp\u00e9rience inoubliable avec un service impeccable. R\u00e9servez avec K\u00e4banes Charlevoix! \ud83c\udf3f","og_url":"https:\/\/www.kabanescharlevoix.com\/en\/privacy\/","og_site_name":"K\u00e4banes Charlevoix","article_publisher":"https:\/\/www.facebook.com\/people\/Kbanes-Gestion-locative\/61583068877551\/","article_modified_time":"2026-01-05T22:58:06+00:00","og_image":[{"width":2560,"height":1920,"url":"https:\/\/www.kabanescharlevoix.com\/wp-content\/uploads\/sites\/92\/2025\/12\/officiel-scaled.jpg","type":"image\/jpeg"}],"twitter_card":"summary_large_image","twitter_misc":{"Est. reading time":"5 minutes"},"schema":{"@context":"https:\/\/schema.org","@graph":[{"@type":"WebPage","@id":"https:\/\/www.kabanescharlevoix.com\/en\/privacy\/","url":"https:\/\/www.kabanescharlevoix.com\/en\/privacy\/","name":"Privacy Policy - K\u00e4banes Charlevoix","isPartOf":{"@id":"https:\/\/www.kabanescharlevoix.com\/en\/#website"},"datePublished":"2022-09-26T14:51:22+00:00","dateModified":"2026-01-05T22:58:06+00:00","description":"Location chalet Charlevoix offrant une exp\u00e9rience unique : Chalets luxueux, confort absolu et vues sur la nature et le fleuve. R\u00e9servez avec K\u00e4banes Charlevoix! \ud83c\udf3f","breadcrumb":{"@id":"https:\/\/www.kabanescharlevoix.com\/en\/privacy\/#breadcrumb"},"inLanguage":"en-US","potentialAction":[{"@type":"ReadAction","target":["https:\/\/www.kabanescharlevoix.com\/en\/privacy\/"]}]},{"@type":"BreadcrumbList","@id":"https:\/\/www.kabanescharlevoix.com\/en\/privacy\/#breadcrumb","itemListElement":[{"@type":"ListItem","position":1,"name":"Home","item":"https:\/\/www.kabanescharlevoix.com\/en\/home\/"},{"@type":"ListItem","position":2,"name":"Privacy Policy"}]},{"@type":"WebSite","@id":"https:\/\/www.kabanescharlevoix.com\/en\/#website","url":"https:\/\/www.kabanescharlevoix.com\/en\/","name":"K\u00e4banes Charlevoix","description":"Une exp\u00e9rience qui se d\u00e9marque","publisher":{"@id":"https:\/\/www.kabanescharlevoix.com\/en\/#organization"},"potentialAction":[{"@type":"SearchAction","target":{"@type":"EntryPoint","urlTemplate":"https:\/\/www.kabanescharlevoix.com\/en\/?s={search_term_string}"},"query-input":{"@type":"PropertyValueSpecification","valueRequired":true,"valueName":"search_term_string"}}],"inLanguage":"en-US"},{"@type":"Organization","@id":"https:\/\/www.kabanescharlevoix.com\/en\/#organization","name":"K\u00e4banes Charlevoix","url":"https:\/\/www.kabanescharlevoix.com\/en\/","logo":{"@type":"ImageObject","inLanguage":"en-US","@id":"https:\/\/www.kabanescharlevoix.com\/en\/#\/schema\/logo\/image\/","url":"https:\/\/www.kabanescharlevoix.com\/wp-content\/uploads\/sites\/92\/2025\/11\/officiel-gf-transp.png","contentUrl":"https:\/\/www.kabanescharlevoix.com\/wp-content\/uploads\/sites\/92\/2025\/11\/officiel-gf-transp.png","width":6250,"height":2500,"caption":"K\u00e4banes Charlevoix"},"image":{"@id":"https:\/\/www.kabanescharlevoix.com\/en\/#\/schema\/logo\/image\/"},"sameAs":["https:\/\/www.facebook.com\/people\/Kbanes-Gestion-locative\/61583068877551\/","https:\/\/www.instagram.com\/kabanescharlevoix\/"]}]}},"_links":{"self":[{"href":"https:\/\/www.kabanescharlevoix.com\/en\/wp-json\/wp\/v2\/pages\/2758","targetHints":{"allow":["GET"]}}],"collection":[{"href":"https:\/\/www.kabanescharlevoix.com\/en\/wp-json\/wp\/v2\/pages"}],"about":[{"href":"https:\/\/www.kabanescharlevoix.com\/en\/wp-json\/wp\/v2\/types\/page"}],"author":[{"embeddable":true,"href":"https:\/\/www.kabanescharlevoix.com\/en\/wp-json\/wp\/v2\/users\/1"}],"replies":[{"embeddable":true,"href":"https:\/\/www.kabanescharlevoix.com\/en\/wp-json\/wp\/v2\/comments?post=2758"}],"version-history":[{"count":5,"href":"https:\/\/www.kabanescharlevoix.com\/en\/wp-json\/wp\/v2\/pages\/2758\/revisions"}],"predecessor-version":[{"id":2938,"href":"https:\/\/www.kabanescharlevoix.com\/en\/wp-json\/wp\/v2\/pages\/2758\/revisions\/2938"}],"wp:attachment":[{"href":"https:\/\/www.kabanescharlevoix.com\/en\/wp-json\/wp\/v2\/media?parent=2758"}],"curies":[{"name":"wp","href":"https:\/\/api.w.org\/{rel}","templated":true}]}}